{"id":1104,"date":"2025-06-17T16:46:36","date_gmt":"2025-06-17T16:46:36","guid":{"rendered":"https:\/\/openthink.com.br\/digital\/?page_id=1104"},"modified":"2026-02-20T19:03:24","modified_gmt":"2026-02-20T19:03:24","slug":"lp01","status":"publish","type":"page","link":"https:\/\/openthink.com.br\/digital\/lp01\/","title":{"rendered":"Digital &#8211;  Pagina venda de curso LP01"},"content":{"rendered":"\t\t<div data-elementor-type=\"wp-page\" data-elementor-id=\"1104\" class=\"elementor elementor-1104\">\n\t\t\t\t<div class=\"elementor-element elementor-element-dbac1dc e-flex e-con-boxed e-con e-parent\" data-id=\"dbac1dc\" data-element_type=\"container\" data-e-type=\"container\">\n\t\t\t\t\t<div class=\"e-con-inner\">\n\t\t\t\t<div class=\"elementor-element elementor-element-cbcf86b elementor-widget elementor-widget-html\" data-id=\"cbcf86b\" data-element_type=\"widget\" data-e-type=\"widget\" data-widget_type=\"html.default\">\n\t\t\t\t<div class=\"elementor-widget-container\">\n\t\t\t\t\t<section style=\"max-width: 800px; margin: 60px auto; padding: 20px; font-family: 'Montserrat', sans-serif; color: #2D3748;\">\n\n  <h1 style=\"text-align: center; color: #1A365D; font-size: 2.8rem; margin-bottom: 15px; font-weight: 700;\">\n    Compet\u00eancias Essenciais para a Nova Economia Digital\n  <\/h1>\n\n  <p style=\"text-align: center; font-size: 1.3rem; margin-bottom: 40px; color: #4A5568; font-weight: 500;\">\n    Domine as habilidades que v\u00e3o transformar sua carreira na era da transforma\u00e7\u00e3o digital\n  <\/p>\n\n  <div style=\"background: #F7FAFC; border-radius: 12px; padding: 30px; margin-bottom: 50px; border: 1px solid #E2E8F0; box-shadow: 0 4px 6px -1px rgba(0, 0, 0, 0.1);\">\n    <h2 style=\"color: #2B6CB0; margin-bottom: 20px; font-size: 1.8rem; font-weight: 600;\">Receba nosso material exclusivo:<\/h2>\n    <h3 style=\"margin-top: 0; margin-bottom: 25px; color: #1A365D; font-size: 1.5rem; font-weight: 600;\">\"Compet\u00eancias Digitais para o Futuro do Trabalho\"<\/h3>\n\n    <p style=\"line-height: 1.7; color: #4A5568; font-size: 1.1rem;\">\n      Na OpenThink Digital, acreditamos que o futuro pertence aos profissionais que combinam conhecimento t\u00e9cnico com habilidades humanas essenciais. \n      <strong style=\"color: #2B6CB0;\">Este material foi criado para guiar sua jornada de desenvolvimento profissional na nova economia.<\/strong>\n    <\/p>\n  <\/div>\n\n  <h3 style=\"color: #1A365D; margin-bottom: 20px; font-size: 1.5rem; font-weight: 600;\">Conte\u00fado do Material:<\/h3>\n  <ul style=\"margin-bottom: 50px; padding-left: 25px; color: #4A5568; line-height: 1.7; font-size: 1.1rem;\">\n    <li style=\"margin-bottom: 12px;\"><strong style=\"color: #2B6CB0;\">Pensamento anal\u00edtico e digital:<\/strong> Como tomar decis\u00f5es baseadas em dados em ambientes complexos.<\/li>\n    <li style=\"margin-bottom: 12px;\"><strong style=\"color: #2B6CB0;\">Colabora\u00e7\u00e3o remota:<\/strong> Trabalho eficiente em equipes distribu\u00eddas e multiculturais.<\/li>\n    <li style=\"margin-bottom: 12px;\"><strong style=\"color: #2B6CB0;\">Adaptabilidade cognitiva:<\/strong> Desenvolvendo resili\u00eancia para mudan\u00e7as constantes.<\/li>\n    <li style=\"margin-bottom: 12px;\"><strong style=\"color: #2B6CB0;\">Lideran\u00e7a digital:<\/strong> Inspirando times em ambientes virtuais e h\u00edbridos.<\/li>\n  <\/ul>\n\n  <div style=\"background: linear-gradient(135deg, #4299E1 0%, #3182CE 100%); padding: 40px; border-radius: 12px; box-shadow: 0 4px 6px -1px rgba(0, 0, 0, 0.1); margin-bottom: 50px;\">\n    <h3 style=\"text-align: center; margin-bottom: 30px; color: white; font-size: 1.8rem; font-weight: 600;\">Receba seu material gratuito agora!<\/h3>\n\n    <form id=\"openthink-form\" style=\"max-width: 500px; margin: 0 auto;\" action=\"#\" method=\"POST\" onsubmit=\"return handleSubmit(event)\">\n      <input type=\"text\" name=\"name\" placeholder=\"Seu nome completo\" required\n        style=\"width: 100%; padding: 15px 20px; margin-bottom: 20px; border: none; border-radius: 8px; font-size: 1rem; box-shadow: 0 1px 3px rgba(0, 0, 0, 0.1);\">\n      <input type=\"email\" name=\"email\" placeholder=\"Seu melhor e-mail\" required\n        style=\"width: 100%; padding: 15px 20px; margin-bottom: 25px; border: none; border-radius: 8px; font-size: 1rem; box-shadow: 0 1px 3px rgba(0, 0, 0, 0.1);\">\n      <button type=\"submit\"\n        style=\"width: 100%; background-color: #1A365D; color: white; border: none; padding: 18px; font-size: 1.2rem; font-weight: 600; border-radius: 8px; cursor: pointer; transition: all 0.3s ease; box-shadow: 0 4px 6px -1px rgba(0, 0, 0, 0.1);\"\n        onmouseover=\"this.style.backgroundColor='#2C5282'\" onmouseout=\"this.style.backgroundColor='#1A365D'\">\n        QUERO RECEBER O MATERIAL\n      <\/button>\n    <\/form>\n\n    <p id=\"form-message\" style=\"text-align:center; margin-top: 20px; font-weight: 600; color: white; display: none; font-size: 1.1rem;\">\n      Obrigado! Seu material foi enviado para o seu e-mail.\n    <\/p>\n  <\/div>\n\n  <h3 style=\"color: #1A365D; margin-bottom: 20px; font-size: 1.5rem; font-weight: 600;\">Por que este conte\u00fado \u00e9 relevante?<\/h3>\n  <p style=\"color: #4A5568; margin-bottom: 50px; line-height: 1.7; font-size: 1.1rem;\">\n    Na OpenThink Digital, combinamos pesquisa acad\u00eamica com experi\u00eancia pr\u00e1tica para criar materiais que realmente fazem diferen\u00e7a na sua carreira. Este conte\u00fado foi desenvolvido por nossa equipe de especialistas em transforma\u00e7\u00e3o digital e futuro do trabalho.\n  <\/p>\n\n  <h3 style=\"color: #1A365D; margin-bottom: 20px; font-size: 1.5rem; font-weight: 600;\">O que dizem sobre nossos materiais:<\/h3>\n  <div style=\"background: #EDF2F7; padding: 25px; border-radius: 8px; margin-bottom: 25px;\">\n    <p style=\"font-style: italic; color: #4A5568; line-height: 1.7; font-size: 1.1rem; margin-bottom: 10px;\">\n      \"Os materiais da OpenThink Digital mudaram minha perspectiva sobre habilidades digitais. Conte\u00fado pr\u00e1tico e ao mesmo tempo profundo, com aplica\u00e7\u00e3o imediata no meu trabalho.\"\n    <\/p>\n    <p style=\"color: #2B6CB0; font-weight: 600; margin: 0;\">\n      \u2014 Carolina Mendes, Gerente de Projetos Digitais\n    <\/p>\n  <\/div>\n  \n  <div style=\"background: #EDF2F7; padding: 25px; border-radius: 8px;\">\n    <p style=\"font-style: italic; color: #4A5568; line-height: 1.7; font-size: 1.1rem; margin-bottom: 10px;\">\n      \"Como l\u00edder de equipe remota, o material sobre colabora\u00e7\u00e3o digital foi transformador. A abordagem da OpenThink combina teoria com cases reais do mercado.\"\n    <\/p>\n    <p style=\"color: #2B6CB0; font-weight: 600; margin: 0;\">\n      \u2014 Rafael Torres, Diretor de Inova\u00e7\u00e3o\n    <\/p>\n  <\/div>\n\n<\/section>\n\n<script>\n  function handleSubmit(event) {\n    event.preventDefault();\n    const form = event.target;\n    const name = form.name.value.trim();\n    const email = form.email.value.trim();\n\n    if (!name || !email) {\n      alert('Por favor, preencha todos os campos corretamente.');\n      return false;\n    }\n\n    \/\/ Simula\u00e7\u00e3o de envio - substituir por integra\u00e7\u00e3o real\n    form.style.display = 'none';\n    document.getElementById('form-message').style.display = 'block';\n\n    \/\/ Aqui voc\u00ea pode integrar com o CRM da OpenThink ou ferramenta de automa\u00e7\u00e3o\n    \/\/ Exemplo fict\u00edcio:\n    \/\/ fetch('https:\/\/api.openthink.com.br\/leads', {\n    \/\/   method: 'POST',\n    \/\/   body: JSON.stringify({name, email, material: 'competencias-digitais'}),\n    \/\/   headers: {'Content-Type': 'application\/json'}\n    \/\/ });\n\n    return false;\n  }\n<\/script>\t\t\t\t<\/div>\n\t\t\t\t<\/div>\n\t\t\t\t\t<\/div>\n\t\t\t\t<\/div>\n\t\t\t\t<\/div>\n\t\t","protected":false},"excerpt":{"rendered":"<p>Compet\u00eancias Essenciais para a Nova Economia Digital Domine as habilidades que v\u00e3o transformar sua carreira na era da transforma\u00e7\u00e3o digital [&hellip;]<\/p>\n","protected":false},"author":1,"featured_media":0,"parent":0,"menu_order":0,"comment_status":"closed","ping_status":"closed","template":"","meta":{"pmpro_default_level":"","site-sidebar-layout":"no-sidebar","site-content-layout":"","ast-site-content-layout":"full-width-container","site-content-style":"default","site-sidebar-style":"default","ast-global-header-display":"","ast-banner-title-visibility":"","ast-main-header-display":"","ast-hfb-above-header-display":"","ast-hfb-below-header-display":"","ast-hfb-mobile-header-display":"","site-post-title":"disabled","ast-breadcrumbs-content":"","ast-featured-img":"disabled","footer-sml-layout":"","theme-transparent-header-meta":"","adv-header-id-meta":"","stick-header-meta":"","header-above-stick-meta":"","header-main-stick-meta":"","header-below-stick-meta":"","astra-migrate-meta-layouts":"default","ast-page-background-enabled":"default","ast-page-background-meta":{"desktop":{"background-color":"var(--ast-global-color-5)","background-image":"","background-repeat":"repeat","background-position":"center center","background-size":"auto","background-attachment":"scroll","background-type":"","background-media":"","overlay-type":"","overlay-color":"","overlay-opacity":"","overlay-gradient":""},"tablet":{"background-color":"","background-image":"","background-repeat":"repeat","background-position":"center center","background-size":"auto","background-attachment":"scroll","background-type":"","background-media":"","overlay-type":"","overlay-color":"","overlay-opacity":"","overlay-gradient":""},"mobile":{"background-color":"","background-image":"","background-repeat":"repeat","background-position":"center center","background-size":"auto","background-attachment":"scroll","background-type":"","background-media":"","overlay-type":"","overlay-color":"","overlay-opacity":"","overlay-gradient":""}},"ast-content-background-meta":{"desktop":{"background-color":"var(--ast-global-color-4)","background-image":"","background-repeat":"repeat","background-position":"center center","background-size":"auto","background-attachment":"scroll","background-type":"","background-media":"","overlay-type":"","overlay-color":"","overlay-opacity":"","overlay-gradient":""},"tablet":{"background-color":"var(--ast-global-color-4)","background-image":"","background-repeat":"repeat","background-position":"center center","background-size":"auto","background-attachment":"scroll","background-type":"","background-media":"","overlay-type":"","overlay-color":"","overlay-opacity":"","overlay-gradient":""},"mobile":{"background-color":"var(--ast-global-color-4)","background-image":"","background-repeat":"repeat","background-position":"center center","background-size":"auto","background-attachment":"scroll","background-type":"","background-media":"","overlay-type":"","overlay-color":"","overlay-opacity":"","overlay-gradient":""}},"courseId":0,"footnotes":""},"class_list":["post-1104","page","type-page","status-publish","hentry","pmpro-has-access"],"_links":{"self":[{"href":"https:\/\/openthink.com.br\/digital\/wp-json\/wp\/v2\/pages\/1104","targetHints":{"allow":["GET"]}}],"collection":[{"href":"https:\/\/openthink.com.br\/digital\/wp-json\/wp\/v2\/pages"}],"about":[{"href":"https:\/\/openthink.com.br\/digital\/wp-json\/wp\/v2\/types\/page"}],"author":[{"embeddable":true,"href":"https:\/\/openthink.com.br\/digital\/wp-json\/wp\/v2\/users\/1"}],"replies":[{"embeddable":true,"href":"https:\/\/openthink.com.br\/digital\/wp-json\/wp\/v2\/comments?post=1104"}],"version-history":[{"count":11,"href":"https:\/\/openthink.com.br\/digital\/wp-json\/wp\/v2\/pages\/1104\/revisions"}],"predecessor-version":[{"id":2217,"href":"https:\/\/openthink.com.br\/digital\/wp-json\/wp\/v2\/pages\/1104\/revisions\/2217"}],"wp:attachment":[{"href":"https:\/\/openthink.com.br\/digital\/wp-json\/wp\/v2\/media?parent=1104"}],"curies":[{"name":"wp","href":"https:\/\/api.w.org\/{rel}","templated":true}]}}