{"id":1702,"date":"2025-09-02T16:44:56","date_gmt":"2025-09-02T16:44:56","guid":{"rendered":"https:\/\/openthink.com.br\/digital\/?page_id=1702"},"modified":"2026-02-20T19:05:09","modified_gmt":"2026-02-20T19:05:09","slug":"apresentacao","status":"publish","type":"page","link":"https:\/\/openthink.com.br\/digital\/apresentacao\/","title":{"rendered":"Guide &#8211; Apresenta\u00e7\u00e3o"},"content":{"rendered":"\t\t<div data-elementor-type=\"wp-page\" data-elementor-id=\"1702\" class=\"elementor elementor-1702\">\n\t\t\t\t<div class=\"elementor-element elementor-element-c3d3d58 e-flex e-con-boxed e-con e-parent\" data-id=\"c3d3d58\" data-element_type=\"container\" data-e-type=\"container\" data-settings=\"{&quot;background_background&quot;:&quot;classic&quot;}\">\n\t\t\t\t\t<div class=\"e-con-inner\">\n\t\t\t\t<div class=\"elementor-element elementor-element-eb93585 elementor-widget elementor-widget-image\" data-id=\"eb93585\" data-element_type=\"widget\" data-e-type=\"widget\" data-widget_type=\"image.default\">\n\t\t\t\t<div class=\"elementor-widget-container\">\n\t\t\t\t\t\t\t\t\t\t\t\t\t\t\t\t<a href=\"https:\/\/openthink.com.br\/digital\/social-innovation-guide\/?preview_id=1172&#038;preview_nonce=a4a9b09447&#038;preview=true\">\n\t\t\t\t\t\t\t<img decoding=\"async\" width=\"200\" height=\"120\" src=\"https:\/\/openthink.com.br\/digital\/wp-content\/uploads\/2025\/07\/Guide-avatar-site.png\" class=\"attachment-large size-large wp-image-1271\" alt=\"\" \/>\t\t\t\t\t\t\t\t<\/a>\n\t\t\t\t\t\t\t\t\t\t\t\t\t\t\t<\/div>\n\t\t\t\t<\/div>\n\t\t\t\t\t<\/div>\n\t\t\t\t<\/div>\n\t\t<div class=\"elementor-element elementor-element-38acaf0 e-flex e-con-boxed e-con e-parent\" data-id=\"38acaf0\" data-element_type=\"container\" data-e-type=\"container\">\n\t\t\t\t\t<div class=\"e-con-inner\">\n\t\t\t\t<div class=\"elementor-element elementor-element-0e40dc0 elementor-widget elementor-widget-elementskit-heading\" data-id=\"0e40dc0\" data-element_type=\"widget\" data-e-type=\"widget\" data-widget_type=\"elementskit-heading.default\">\n\t\t\t\t<div class=\"elementor-widget-container\">\n\t\t\t\t\t<div class=\"ekit-wid-con\" ><div class=\"ekit-heading elementskit-section-title-wraper text_left   ekit_heading_tablet-   ekit_heading_mobile-\"><h2 class=\"ekit-heading--title elementskit-section-title \">Quem Somos:<\/h2><div class=\"ekit_heading_separetor_wraper ekit_heading_elementskit-border-divider elementskit-style-long\"><div class=\"elementskit-border-divider elementskit-style-long\"><\/div><\/div><\/div><\/div>\t\t\t\t<\/div>\n\t\t\t\t<\/div>\n\t\t\t\t<div class=\"elementor-element elementor-element-2a4e372 elementor-widget elementor-widget-text-editor\" data-id=\"2a4e372\" data-element_type=\"widget\" data-e-type=\"widget\" data-widget_type=\"text-editor.default\">\n\t\t\t\t<div class=\"elementor-widget-container\">\n\t\t\t\t\t\t\t\t\t<p>O <strong>SOCIAL INNOVATION GUIDE<\/strong> \u00e9 uma plataforma digital integrada que promove <strong>Educa\u00e7\u00e3o, Sustentabilidade e Inova\u00e7\u00e3o em Modelos de Neg\u00f3cio<\/strong> como motores de transforma\u00e7\u00e3o social. Nossa atua\u00e7\u00e3o \u00e9 sustentada por mais de <strong>250 projetos realizados<\/strong> em setores industriais, agropecu\u00e1rio, educacional e de sa\u00fade.<\/p>\t\t\t\t\t\t\t\t<\/div>\n\t\t\t\t<\/div>\n\t\t\t\t\t<\/div>\n\t\t\t\t<\/div>\n\t\t<div class=\"elementor-element elementor-element-89b70ad e-flex e-con-boxed e-con e-parent\" data-id=\"89b70ad\" data-element_type=\"container\" data-e-type=\"container\">\n\t\t\t\t\t<div class=\"e-con-inner\">\n\t\t\t\t<div class=\"elementor-element elementor-element-27476f2 elementor-widget elementor-widget-elementskit-heading\" data-id=\"27476f2\" data-element_type=\"widget\" data-e-type=\"widget\" data-widget_type=\"elementskit-heading.default\">\n\t\t\t\t<div class=\"elementor-widget-container\">\n\t\t\t\t\t<div class=\"ekit-wid-con\" ><div class=\"ekit-heading elementskit-section-title-wraper text_left   ekit_heading_tablet-   ekit_heading_mobile-\"><h2 class=\"ekit-heading--title elementskit-section-title \">Nossa Miss\u00e3o<\/h2><\/div><\/div>\t\t\t\t<\/div>\n\t\t\t\t<\/div>\n\t\t\t\t<div class=\"elementor-element elementor-element-d0f5a95 elementor-widget elementor-widget-text-editor\" data-id=\"d0f5a95\" data-element_type=\"widget\" data-e-type=\"widget\" data-widget_type=\"text-editor.default\">\n\t\t\t\t<div class=\"elementor-widget-container\">\n\t\t\t\t\t\t\t\t\t<p>Promover a <strong>Inova\u00e7\u00e3o Social<\/strong> como caminho para restaurar e regenerar os <strong>Espa\u00e7os de Vida<\/strong> \u2013 sa\u00fade, mobilidade e aprendizagem cont\u00ednua \u2013 ampliando a qualidade de vida e a sustentabilidade das comunidades e organiza\u00e7\u00f5es.<\/p>\t\t\t\t\t\t\t\t<\/div>\n\t\t\t\t<\/div>\n\t\t\t\t\t<\/div>\n\t\t\t\t<\/div>\n\t\t<div class=\"elementor-element elementor-element-8eef3b5 e-flex e-con-boxed e-con e-parent\" data-id=\"8eef3b5\" data-element_type=\"container\" data-e-type=\"container\">\n\t\t\t\t\t<div class=\"e-con-inner\">\n\t\t\t\t<div class=\"elementor-element elementor-element-231b2a0 elementor-widget elementor-widget-elementskit-heading\" data-id=\"231b2a0\" data-element_type=\"widget\" data-e-type=\"widget\" data-widget_type=\"elementskit-heading.default\">\n\t\t\t\t<div class=\"elementor-widget-container\">\n\t\t\t\t\t<div class=\"ekit-wid-con\" ><div class=\"ekit-heading elementskit-section-title-wraper text_left   ekit_heading_tablet-   ekit_heading_mobile-\"><h2 class=\"ekit-heading--title elementskit-section-title \">Estrutura<\/h2><\/div><\/div>\t\t\t\t<\/div>\n\t\t\t\t<\/div>\n\t\t\t\t<div class=\"elementor-element elementor-element-55dee73 elementor-widget elementor-widget-text-editor\" data-id=\"55dee73\" data-element_type=\"widget\" data-e-type=\"widget\" data-widget_type=\"text-editor.default\">\n\t\t\t\t<div class=\"elementor-widget-container\">\n\t\t\t\t\t\t\t\t\t<p>O projeto se organiza em tr\u00eas hubs tem\u00e1ticos, conectados por uma plataforma web e um Ambiente Virtual de Aprendizagem (AVA):<\/p><p><strong>OPENTHINK DIGITAL<\/strong> \u2013 transforma\u00e7\u00e3o digital e mashups f\u00edsico-digitais.<\/p><p><strong>OPENTHINK SUSTAINABILITY<\/strong> \u2013 pr\u00e1ticas regenerativas e economia circular.<\/p><p><strong>OPENTHINK SYSTEMIC<\/strong> \u2013 pensamento sist\u00eamico aplicado a solu\u00e7\u00f5es complexas.<\/p>\t\t\t\t\t\t\t\t<\/div>\n\t\t\t\t<\/div>\n\t\t\t\t\t<\/div>\n\t\t\t\t<\/div>\n\t\t<div class=\"elementor-element elementor-element-9e46c5d e-flex e-con-boxed e-con e-parent\" data-id=\"9e46c5d\" data-element_type=\"container\" data-e-type=\"container\">\n\t\t\t\t\t<div class=\"e-con-inner\">\n\t\t\t\t<div class=\"elementor-element elementor-element-dc77b1f elementor-widget elementor-widget-elementskit-heading\" data-id=\"dc77b1f\" data-element_type=\"widget\" data-e-type=\"widget\" data-widget_type=\"elementskit-heading.default\">\n\t\t\t\t<div class=\"elementor-widget-container\">\n\t\t\t\t\t<div class=\"ekit-wid-con\" ><div class=\"ekit-heading elementskit-section-title-wraper text_left   ekit_heading_tablet-   ekit_heading_mobile-\"><h2 class=\"ekit-heading--title elementskit-section-title \">Modelo de Acesso<\/h2><\/div><\/div>\t\t\t\t<\/div>\n\t\t\t\t<\/div>\n\t\t\t\t<div class=\"elementor-element elementor-element-cb87336 elementor-widget elementor-widget-text-editor\" data-id=\"cb87336\" data-element_type=\"widget\" data-e-type=\"widget\" data-widget_type=\"text-editor.default\">\n\t\t\t\t<div class=\"elementor-widget-container\">\n\t\t\t\t\t\t\t\t\t<p><strong>&#8211; Conte\u00fado Aberto<\/strong>: publica\u00e7\u00f5es, v\u00eddeos e posts em LinkedIn e Instagram.<\/p><p><strong>&#8211; Conte\u00fado Premium<\/strong>:<\/p><p><strong>Eventos pagos<\/strong> (cursos, workshops, palestras); <strong>AVA por assinatura mensal<\/strong>, com trilhas formativas exclusivas; e <strong>CRM integrado<\/strong> para monitoramento e personaliza\u00e7\u00e3o da jornada do usu\u00e1rio+<\/p>\t\t\t\t\t\t\t\t<\/div>\n\t\t\t\t<\/div>\n\t\t\t\t\t<\/div>\n\t\t\t\t<\/div>\n\t\t<div class=\"elementor-element elementor-element-512d2e8 e-flex e-con-boxed e-con e-parent\" data-id=\"512d2e8\" data-element_type=\"container\" data-e-type=\"container\">\n\t\t\t\t\t<div class=\"e-con-inner\">\n\t\t\t\t<div class=\"elementor-element elementor-element-dfb3316 elementor-widget elementor-widget-elementskit-heading\" data-id=\"dfb3316\" data-element_type=\"widget\" data-e-type=\"widget\" data-widget_type=\"elementskit-heading.default\">\n\t\t\t\t<div class=\"elementor-widget-container\">\n\t\t\t\t\t<div class=\"ekit-wid-con\" ><div class=\"ekit-heading elementskit-section-title-wraper text_left   ekit_heading_tablet-   ekit_heading_mobile-\"><h2 class=\"ekit-heading--title elementskit-section-title \">Nossa Abordagem<\/h2><\/div><\/div>\t\t\t\t<\/div>\n\t\t\t\t<\/div>\n\t\t\t\t<div class=\"elementor-element elementor-element-b3688f6 elementor-widget elementor-widget-text-editor\" data-id=\"b3688f6\" data-element_type=\"widget\" data-e-type=\"widget\" data-widget_type=\"text-editor.default\">\n\t\t\t\t<div class=\"elementor-widget-container\">\n\t\t\t\t\t\t\t\t\t<p>Combinamos <strong>rigor acad\u00eamico<\/strong> e <strong>pr\u00e1tica aplicada<\/strong> para gerar impacto real. Utilizamos referenciais internacionais (Meadows, Geels, Ellen MacArthur Foundation, Rigby) e a experi\u00eancia pr\u00e1tica de campo em projetos de inova\u00e7\u00e3o social.<\/p>\t\t\t\t\t\t\t\t<\/div>\n\t\t\t\t<\/div>\n\t\t\t\t\t<\/div>\n\t\t\t\t<\/div>\n\t\t\t\t<\/div>\n\t\t","protected":false},"excerpt":{"rendered":"<p>Quem Somos: O SOCIAL INNOVATION GUIDE \u00e9 uma plataforma digital integrada que promove Educa\u00e7\u00e3o, Sustentabilidade e Inova\u00e7\u00e3o em Modelos de [&hellip;]<\/p>\n","protected":false},"author":1,"featured_media":0,"parent":0,"menu_order":0,"comment_status":"closed","ping_status":"closed","template":"elementor_canvas","meta":{"pmpro_default_level":"","site-sidebar-layout":"no-sidebar","site-content-layout":"","ast-site-content-layout":"full-width-container","site-content-style":"default","site-sidebar-style":"default","ast-global-header-display":"","ast-banner-title-visibility":"","ast-main-header-display":"","ast-hfb-above-header-display":"","ast-hfb-below-header-display":"","ast-hfb-mobile-header-display":"","site-post-title":"","ast-breadcrumbs-content":"","ast-featured-img":"disabled","footer-sml-layout":"","theme-transparent-header-meta":"","adv-header-id-meta":"","stick-header-meta":"","header-above-stick-meta":"","header-main-stick-meta":"","header-below-stick-meta":"","astra-migrate-meta-layouts":"default","ast-page-background-enabled":"default","ast-page-background-meta":{"desktop":{"background-color":"var(--ast-global-color-5)","background-image":"","background-repeat":"repeat","background-position":"center center","background-size":"auto","background-attachment":"scroll","background-type":"","background-media":"","overlay-type":"","overlay-color":"","overlay-opacity":"","overlay-gradient":""},"tablet":{"background-color":"","background-image":"","background-repeat":"repeat","background-position":"center center","background-size":"auto","background-attachment":"scroll","background-type":"","background-media":"","overlay-type":"","overlay-color":"","overlay-opacity":"","overlay-gradient":""},"mobile":{"background-color":"","background-image":"","background-repeat":"repeat","background-position":"center center","background-size":"auto","background-attachment":"scroll","background-type":"","background-media":"","overlay-type":"","overlay-color":"","overlay-opacity":"","overlay-gradient":""}},"ast-content-background-meta":{"desktop":{"background-color":"var(--ast-global-color-4)","background-image":"","background-repeat":"repeat","background-position":"center center","background-size":"auto","background-attachment":"scroll","background-type":"","background-media":"","overlay-type":"","overlay-color":"","overlay-opacity":"","overlay-gradient":""},"tablet":{"background-color":"var(--ast-global-color-4)","background-image":"","background-repeat":"repeat","background-position":"center center","background-size":"auto","background-attachment":"scroll","background-type":"","background-media":"","overlay-type":"","overlay-color":"","overlay-opacity":"","overlay-gradient":""},"mobile":{"background-color":"var(--ast-global-color-4)","background-image":"","background-repeat":"repeat","background-position":"center center","background-size":"auto","background-attachment":"scroll","background-type":"","background-media":"","overlay-type":"","overlay-color":"","overlay-opacity":"","overlay-gradient":""}},"courseId":0,"footnotes":""},"class_list":["post-1702","page","type-page","status-publish","hentry","pmpro-has-access"],"_links":{"self":[{"href":"https:\/\/openthink.com.br\/digital\/wp-json\/wp\/v2\/pages\/1702","targetHints":{"allow":["GET"]}}],"collection":[{"href":"https:\/\/openthink.com.br\/digital\/wp-json\/wp\/v2\/pages"}],"about":[{"href":"https:\/\/openthink.com.br\/digital\/wp-json\/wp\/v2\/types\/page"}],"author":[{"embeddable":true,"href":"https:\/\/openthink.com.br\/digital\/wp-json\/wp\/v2\/users\/1"}],"replies":[{"embeddable":true,"href":"https:\/\/openthink.com.br\/digital\/wp-json\/wp\/v2\/comments?post=1702"}],"version-history":[{"count":53,"href":"https:\/\/openthink.com.br\/digital\/wp-json\/wp\/v2\/pages\/1702\/revisions"}],"predecessor-version":[{"id":2222,"href":"https:\/\/openthink.com.br\/digital\/wp-json\/wp\/v2\/pages\/1702\/revisions\/2222"}],"wp:attachment":[{"href":"https:\/\/openthink.com.br\/digital\/wp-json\/wp\/v2\/media?parent=1702"}],"curies":[{"name":"wp","href":"https:\/\/api.w.org\/{rel}","templated":true}]}}