{"id":2667,"date":"2026-02-25T17:57:23","date_gmt":"2026-02-25T17:57:23","guid":{"rendered":"https:\/\/openthink.com.br\/digital\/?page_id=2667"},"modified":"2026-05-06T17:06:27","modified_gmt":"2026-05-06T17:06:27","slug":"sustainability-sobre","status":"publish","type":"page","link":"https:\/\/openthink.com.br\/digital\/sustainability-sobre\/","title":{"rendered":"Sustainability &#8211; Sobre"},"content":{"rendered":"\t\t<div data-elementor-type=\"wp-page\" data-elementor-id=\"2667\" class=\"elementor elementor-2667\">\n\t\t\t\t\t\t<section class=\"elementor-section elementor-top-section elementor-element elementor-element-5eaeaa9d elementor-section-full_width barra-topo elementor-section-height-default elementor-section-height-default\" data-id=\"5eaeaa9d\" data-element_type=\"section\" data-e-type=\"section\">\n\t\t\t\t\t\t<div class=\"elementor-container elementor-column-gap-default\">\n\t\t\t\t\t<div class=\"elementor-column elementor-col-100 elementor-top-column elementor-element elementor-element-545a3883\" data-id=\"545a3883\" data-element_type=\"column\" data-e-type=\"column\">\n\t\t\t<div class=\"elementor-widget-wrap elementor-element-populated\">\n\t\t\t\t\t\t<section class=\"elementor-section elementor-inner-section elementor-element elementor-element-37ac4254 elementor-section-content-middle elementor-section-boxed elementor-section-height-default elementor-section-height-default\" data-id=\"37ac4254\" data-element_type=\"section\" data-e-type=\"section\" data-settings=\"{&quot;background_background&quot;:&quot;classic&quot;}\">\n\t\t\t\t\t\t<div class=\"elementor-container elementor-column-gap-default\">\n\t\t\t\t\t<div class=\"elementor-column elementor-col-50 elementor-inner-column elementor-element elementor-element-624cc49b\" data-id=\"624cc49b\" data-element_type=\"column\" data-e-type=\"column\">\n\t\t\t<div class=\"elementor-widget-wrap elementor-element-populated\">\n\t\t\t\t\t\t<div class=\"elementor-element elementor-element-ce2ea00 elementor-icon-list--layout-inline elementor-mobile-align-center elementor-list-item-link-full_width elementor-widget elementor-widget-icon-list\" data-id=\"ce2ea00\" data-element_type=\"widget\" data-e-type=\"widget\" data-widget_type=\"icon-list.default\">\n\t\t\t\t<div class=\"elementor-widget-container\">\n\t\t\t\t\t\t\t<ul class=\"elementor-icon-list-items elementor-inline-items\">\n\t\t\t\t\t\t\t<li class=\"elementor-icon-list-item elementor-inline-item\">\n\t\t\t\t\t\t\t\t\t\t\t<a href=\"http:\/\/212695163\">\n\n\t\t\t\t\t\t\t\t\t\t\t\t<span class=\"elementor-icon-list-icon\">\n\t\t\t\t\t\t\t\t\t\t\t\t\t<\/span>\n\t\t\t\t\t\t\t\t\t\t<span class=\"elementor-icon-list-text\">+55 16 98139-5156<\/span>\n\t\t\t\t\t\t\t\t\t\t\t<\/a>\n\t\t\t\t\t\t\t\t\t<\/li>\n\t\t\t\t\t\t\t\t<li class=\"elementor-icon-list-item elementor-inline-item\">\n\t\t\t\t\t\t\t\t\t\t\t<span class=\"elementor-icon-list-icon\">\n\t\t\t\t\t\t\t\t\t\t\t\t\t<\/span>\n\t\t\t\t\t\t\t\t\t\t<span class=\"elementor-icon-list-text\">contato@openthink.com.br<\/span>\n\t\t\t\t\t\t\t\t\t<\/li>\n\t\t\t\t\t\t\t\t<li class=\"elementor-icon-list-item elementor-inline-item\">\n\t\t\t\t\t\t\t\t\t\t\t<span class=\"elementor-icon-list-icon\">\n\t\t\t\t\t\t\t\t\t\t\t\t\t<\/span>\n\t\t\t\t\t\t\t\t\t\t<span class=\"elementor-icon-list-text\">Cerqueira Cesar 481, Ribeir\u00e3o Preto, SP<\/span>\n\t\t\t\t\t\t\t\t\t<\/li>\n\t\t\t\t\t\t<\/ul>\n\t\t\t\t\t\t<\/div>\n\t\t\t\t<\/div>\n\t\t\t\t\t<\/div>\n\t\t<\/div>\n\t\t\t\t<div class=\"elementor-column elementor-col-50 elementor-inner-column elementor-element elementor-element-5d9f4f32\" data-id=\"5d9f4f32\" data-element_type=\"column\" data-e-type=\"column\">\n\t\t\t<div class=\"elementor-widget-wrap elementor-element-populated\">\n\t\t\t\t\t\t<div class=\"elementor-element elementor-element-6b1407cf elementor-widget elementor-widget-elementskit-social-media\" data-id=\"6b1407cf\" data-element_type=\"widget\" data-e-type=\"widget\" data-widget_type=\"elementskit-social-media.default\">\n\t\t\t\t<div class=\"elementor-widget-container\">\n\t\t\t\t\t<div class=\"ekit-wid-con\" >\t\t\t <ul class=\"ekit_social_media\">\n\t\t\t\t\t\t\t\t\t\t\t\t\t\t<li class=\"elementor-repeater-item-98fdd10\">\n\t\t\t\t\t    <a\n\t\t\t\t\t\thref=\"https:\/\/www.linkedin.com\/company\/social-innovation-guide\/\" aria-label=\"LinkedIn\" class=\"linkedin\" >\n\t\t\t\t\t\t\t\n\t\t\t\t\t\t\t<i aria-hidden=\"true\" class=\"icon icon-linkedin\"><\/i>\n                                                                                                            <\/a>\n                    <\/li>\n                    \t\t\t\t\t\t\t\t\t\t\t\t\t\t<li class=\"elementor-repeater-item-5eb0945\">\n\t\t\t\t\t    <a\n\t\t\t\t\t\thref=\"https:\/\/www.facebook.com\/people\/Social-Innovation-Guide\/61567043517523\/\" aria-label=\"Facebook\" class=\"facebook\" >\n\t\t\t\t\t\t\t\n\t\t\t\t\t\t\t<i aria-hidden=\"true\" class=\"icon icon-facebook\"><\/i>\n                                                                                                            <\/a>\n                    <\/li>\n                    \t\t\t\t\t\t\t\t\t\t\t\t\t\t<li class=\"elementor-repeater-item-e2aa959\">\n\t\t\t\t\t    <a\n\t\t\t\t\t\thref=\"https:\/\/www.instagram.com\/socialinnovationguide\/\" aria-label=\"Instagram\" class=\"1\" >\n\t\t\t\t\t\t\t\n\t\t\t\t\t\t\t<i aria-hidden=\"true\" class=\"icon icon-instagram-1\"><\/i>\n                                                                                                            <\/a>\n                    <\/li>\n                    \t\t\t\t\t\t\t<\/ul>\n\t\t<\/div>\t\t\t\t<\/div>\n\t\t\t\t<\/div>\n\t\t\t\t\t<\/div>\n\t\t<\/div>\n\t\t\t\t\t<\/div>\n\t\t<\/section>\n\t\t\t\t\t<\/div>\n\t\t<\/div>\n\t\t\t\t\t<\/div>\n\t\t<\/section>\n\t\t<div class=\"elementor-element elementor-element-7fb149f3 e-con-full navbar-principal e-flex e-con e-parent\" data-id=\"7fb149f3\" data-element_type=\"container\" data-e-type=\"container\">\n\t\t\t\t<div class=\"elementor-element elementor-element-9c6fb82 elementor-widget elementor-widget-html\" data-id=\"9c6fb82\" data-element_type=\"widget\" data-e-type=\"widget\" data-widget_type=\"html.default\">\n\t\t\t\t<div class=\"elementor-widget-container\">\n\t\t\t\t\t<style>\r\n  .navbar-custom {\r\n    display: flex;\r\n    align-items: center;\r\n    justify-content: center;\r\n    gap: 60px;\r\n    padding: 20px 40px;\r\n    background: #ffffff;\r\n    width: 100%;\r\n    position: fixed;\r\n    top: 38px;\r\n    left: 0;\r\n    z-index: 9998;\r\n    transition: all 0.3s ease;\r\n    box-sizing: border-box;\r\n  }\r\n\r\n  .navbar-custom.scrolled {\r\n    padding: 10px 40px;\r\n    box-shadow: 0 2px 10px rgba(0,0,0,0.15);\r\n  }\r\n\r\n  .navbar-custom .logo img {\r\n    height: 70px;\r\n    transition: height 0.3s ease;\r\n  }\r\n\r\n  .navbar-custom.scrolled .logo img {\r\n    height: 45px;\r\n  }\r\n\r\n  .navbar-custom .menu {\r\n    display: flex;\r\n    gap: 40px;\r\n    list-style: none;\r\n    margin: 0;\r\n    padding: 0;\r\n  }\r\n\r\n  .navbar-custom .menu a {\r\n    text-decoration: none;\r\n    color: #0165D7;\r\n    font-size: 16px;\r\n    font-weight: 600;\r\n    text-transform: uppercase;\r\n    transition: opacity 0.3s;\r\n  }\r\n\r\n  .navbar-custom .menu a:hover {\r\n    opacity: 0.7;\r\n  }\r\n<\/style>\r\n\r\n<nav class=\"navbar-custom\" id=\"minhaNavbar\">\r\n  <div class=\"logo\">\r\n    <a href=\"https:\/\/openthink.com.br\/digital\/social-innovation-guide\/\">\r\n      <img decoding=\"async\" src=\"https:\/\/openthink.com.br\/digital\/wp-content\/uploads\/2025\/07\/Guide-avatar-site.png\" alt=\"Logo\">\r\n    <\/a>\r\n  <\/div>\r\n  <ul class=\"menu\">\r\n    <li><a href=\"\/digital\/homepage-sustainability\/\">Inicio<\/a><\/li>\r\n    <li><a href=\"\/digital\/sustainability-sobre\/\">Open Think Sustainability<\/a><\/li>\r\n    <li><a href=\"\/digital\/sustainability-pagina-de-cursos\/\">Conte\u00fado<\/a><\/li>\r\n    <li><a href=\"\/digital\/contato\/\">Contato<\/a><\/li>\r\n  <\/ul>\r\n<\/nav>\r\n\r\n<script>\r\n  window.addEventListener('scroll', function() {\r\n    const navbar = document.getElementById('minhaNavbar');\r\n    if (window.scrollY > 50) {\r\n      navbar.classList.add('scrolled');\r\n    } else {\r\n      navbar.classList.remove('scrolled');\r\n    }\r\n  });\r\n<\/script>\t\t\t\t<\/div>\n\t\t\t\t<\/div>\n\t\t\t\t<\/div>\n\t\t<div class=\"elementor-element elementor-element-6d16bee2 e-con-full e-flex e-con e-parent\" data-id=\"6d16bee2\" data-element_type=\"container\" data-e-type=\"container\">\n\t\t\t\t<div class=\"elementor-element elementor-element-5963b7bf elementor-widget-divider--view-line elementor-widget elementor-widget-divider\" data-id=\"5963b7bf\" data-element_type=\"widget\" data-e-type=\"widget\" data-widget_type=\"divider.default\">\n\t\t\t\t<div class=\"elementor-widget-container\">\n\t\t\t\t\t\t\t<div class=\"elementor-divider\">\n\t\t\t<span class=\"elementor-divider-separator\">\n\t\t\t\t\t\t<\/span>\n\t\t<\/div>\n\t\t\t\t\t\t<\/div>\n\t\t\t\t<\/div>\n\t\t\t\t<\/div>\n\t\t<div class=\"elementor-element elementor-element-1830d4ee e-flex e-con-boxed e-con e-parent\" data-id=\"1830d4ee\" data-element_type=\"container\" data-e-type=\"container\" id=\"xs_accor_gradient_color\" data-settings=\"{&quot;background_background&quot;:&quot;classic&quot;}\">\n\t\t\t\t\t<div class=\"e-con-inner\">\n\t\t\t\t<div class=\"elementor-element elementor-element-29998b6e elementor-widget__width-initial elementor-widget elementor-widget-elementskit-heading\" data-id=\"29998b6e\" data-element_type=\"widget\" data-e-type=\"widget\" data-widget_type=\"elementskit-heading.default\">\n\t\t\t\t<div class=\"elementor-widget-container\">\n\t\t\t\t\t<div class=\"ekit-wid-con\" ><div class=\"ekit-heading elementskit-section-title-wraper text_left   ekit_heading_tablet-   ekit_heading_mobile-\"><h2 class=\"ekit-heading--title elementskit-section-title \">Sobre o <span><span>OPENTHINK SUSTAINABILITY<\/span><\/span><\/h2><div class=\"ekit_heading_separetor_wraper ekit_heading_elementskit-border-divider ekit-dotted\"><div class=\"elementskit-border-divider ekit-dotted\"><\/div><\/div><h3 class=\"ekit-heading--subtitle elementskit-section-subtitle  \">\n\t\t\t\t\t\tAcreditamos que a sustentabilidade, quando guiada por valores humanos e coletivos, \u00e9 capaz de gerar impacto real e positivo em comunidades, organiza\u00e7\u00f5es e territ\u00f3rios. Nosso prop\u00f3sito \u00e9 mostrar que um futuro sustent\u00e1vel depende n\u00e3o s\u00f3 de mudan\u00e7as de mentalidade, mas da transforma\u00e7\u00e3o dos sistemas que sustentam nossa sociedade.\n\t\t\t\t\t<\/h3>\t\t\t\t<div class='ekit-heading__description'>\n\t\t\t\t\t<p>O\u00a0<strong>OPENTHINK SUSTAINABILITY<\/strong>\u00a0\u00e9 um dos HUBs do ecossistema\u00a0<strong>SOCIAL INNOVATION GUIDE<\/strong>.<br \/>Nossa miss\u00e3o \u00e9 impulsionar a\u00a0<strong>economia circular<\/strong>\u00a0como motor de regenera\u00e7\u00e3o, promovendo pr\u00e1ticas que unem inova\u00e7\u00e3o, responsabilidade social e prote\u00e7\u00e3o ambiental.<\/p>\n<p>Buscamos fomentar reflex\u00f5es, conex\u00f5es e iniciativas que substituam o modelo linear de produ\u00e7\u00e3o e consumo por solu\u00e7\u00f5es circulares, capazes de reduzir o desperd\u00edcio, regenerar recursos naturais e criar valor duradouro.<\/p>\n<p>Apoiados nos tr\u00eas pilares da sustentabilidade \u2014\u00a0<strong>social, ambiental e econ\u00f4mico<\/strong>\u00a0\u2014, acreditamos que s\u00f3 por meio da colabora\u00e7\u00e3o entre governos, empresas, comunidades e indiv\u00edduos ser\u00e1 poss\u00edvel construir um futuro mais justo, equilibrado e pr\u00f3spero para as pr\u00f3ximas gera\u00e7\u00f5es.<\/p>\n\t\t\t\t<\/div>\n\t\t\t<\/div><\/div>\t\t\t\t<\/div>\n\t\t\t\t<\/div>\n\t\t\t\t<div class=\"elementor-element elementor-element-5b6cb11e elementor-widget__width-initial elementor-widget elementor-widget-elementskit-accordion\" data-id=\"5b6cb11e\" data-element_type=\"widget\" data-e-type=\"widget\" data-widget_type=\"elementskit-accordion.default\">\n\t\t\t\t<div class=\"elementor-widget-container\">\n\t\t\t\t\t<div class=\"ekit-wid-con\" >\n        <div class=\"elementskit-accordion accoedion-primary\" id=\"accordion-69fdc46ca834d\">\n\n            \n                <div class=\"elementskit-card active\">\n                    <div class=\"elementskit-card-header\" id=\"primaryHeading-0-5b6cb11e\">\n                        <a href=\"#collapse-bc2283069fdc46ca834d\" class=\"ekit-accordion--toggler elementskit-btn-link collapsed\" data-ekit-toggle=\"collapse\" data-target=\"#Collapse-bc2283069fdc46ca834d\" aria-expanded=\"true\" aria-controls=\"Collapse-bc2283069fdc46ca834d\">\n                            \n                                <span class=\"number\"><\/span>\n\n                            \n                            <span class=\"ekit-accordion-title\">Nossa Miss\u00e3o<\/span>\n\n                            \n                                <div class=\"ekit_accordion_icon_group\">\n                                    <div class=\"ekit_accordion_normal_icon\">\n                                        <!-- Normal Icon -->\n\t\t\t\t\t\t\t\t\t\t<i class=\"icon icon-down-arrow1\"><\/i>                                    <\/div>\n\n                                    <div class=\"ekit_accordion_active_icon\">\n                                        <!-- Active Icon -->\n\t\t\t\t\t\t\t\t\t\t<i class=\"icon icon-up-arrow\"><\/i>                                    <\/div>\n                                <\/div>\n\n                            \n                                                    <\/a>\n                    <\/div>\n\n                    <div id=\"Collapse-bc2283069fdc46ca834d\" class=\" show collapse\" aria-labelledby=\"primaryHeading-0-5b6cb11e\" data-parent=\"#accordion-69fdc46ca834d\">\n\n                        <div class=\"elementskit-card-body ekit-accordion--content\">\n                            <p>Acreditamos que o caminho para um futuro sustent\u00e1vel exige n\u00e3o apenas mudan\u00e7as individuais, mas a transforma\u00e7\u00e3o sist\u00eamica dos nossos modelos econ\u00f4micos e sociais.<br \/>No\u00a0<strong>OPENTHINK SUSTAINABILITY<\/strong>, nossa miss\u00e3o \u00e9 acelerar essa transi\u00e7\u00e3o, promovendo a\u00a0<strong>economia circular<\/strong>\u00a0como solu\u00e7\u00e3o essencial para os desafios ambientais e sociais do nosso tempo.<\/p>                        <\/div>\n\n                    <\/div>\n\n                <\/div><!-- .elementskit-card END -->\n\n                \n                <div class=\"elementskit-card \">\n                    <div class=\"elementskit-card-header\" id=\"primaryHeading-1-5b6cb11e\">\n                        <a href=\"#collapse-8417e7169fdc46ca834d\" class=\"ekit-accordion--toggler elementskit-btn-link collapsed\" data-ekit-toggle=\"collapse\" data-target=\"#Collapse-8417e7169fdc46ca834d\" aria-expanded=\"false\" aria-controls=\"Collapse-8417e7169fdc46ca834d\">\n                            \n                                <span class=\"number\"><\/span>\n\n                            \n                            <span class=\"ekit-accordion-title\">O Que Fazemos<\/span>\n\n                            \n                                <div class=\"ekit_accordion_icon_group\">\n                                    <div class=\"ekit_accordion_normal_icon\">\n                                        <!-- Normal Icon -->\n\t\t\t\t\t\t\t\t\t\t<i class=\"icon icon-down-arrow1\"><\/i>                                    <\/div>\n\n                                    <div class=\"ekit_accordion_active_icon\">\n                                        <!-- Active Icon -->\n\t\t\t\t\t\t\t\t\t\t<i class=\"icon icon-up-arrow\"><\/i>                                    <\/div>\n                                <\/div>\n\n                            \n                                                    <\/a>\n                    <\/div>\n\n                    <div id=\"Collapse-8417e7169fdc46ca834d\" class=\" collapse\" aria-labelledby=\"primaryHeading-1-5b6cb11e\" data-parent=\"#accordion-69fdc46ca834d\">\n\n                        <div class=\"elementskit-card-body ekit-accordion--content\">\n                            <p>Promovemos solu\u00e7\u00f5es que v\u00e3o al\u00e9m do uso eficiente de recursos: defendemos uma abordagem\u00a0<strong>regenerativa<\/strong>, onde produtos, servi\u00e7os e processos retornam ao ciclo produtivo.<br \/>Inspirados pela economia circular, buscamos\u00a0<strong>fechar o ciclo<\/strong>, regenerar recursos naturais e proteger os ecossistemas.<\/p>                        <\/div>\n\n                    <\/div>\n\n                <\/div><!-- .elementskit-card END -->\n\n                \n                <div class=\"elementskit-card \">\n                    <div class=\"elementskit-card-header\" id=\"primaryHeading-2-5b6cb11e\">\n                        <a href=\"#collapse-3dad4e069fdc46ca834d\" class=\"ekit-accordion--toggler elementskit-btn-link collapsed\" data-ekit-toggle=\"collapse\" data-target=\"#Collapse-3dad4e069fdc46ca834d\" aria-expanded=\"false\" aria-controls=\"Collapse-3dad4e069fdc46ca834d\">\n                            \n                                <span class=\"number\"><\/span>\n\n                            \n                            <span class=\"ekit-accordion-title\">Por que Transforma\u00e7\u00e3o Digital?<\/span>\n\n                            \n                                <div class=\"ekit_accordion_icon_group\">\n                                    <div class=\"ekit_accordion_normal_icon\">\n                                        <!-- Normal Icon -->\n\t\t\t\t\t\t\t\t\t\t<i class=\"icon icon-down-arrow1\"><\/i>                                    <\/div>\n\n                                    <div class=\"ekit_accordion_active_icon\">\n                                        <!-- Active Icon -->\n\t\t\t\t\t\t\t\t\t\t<i class=\"icon icon-up-arrow\"><\/i>                                    <\/div>\n                                <\/div>\n\n                            \n                                                    <\/a>\n                    <\/div>\n\n                    <div id=\"Collapse-3dad4e069fdc46ca834d\" class=\" collapse\" aria-labelledby=\"primaryHeading-2-5b6cb11e\" data-parent=\"#accordion-69fdc46ca834d\">\n\n                        <div class=\"elementskit-card-body ekit-accordion--content\">\n                            <p>Vivemos em uma era em que os limites do crescimento linear j\u00e1 n\u00e3o atendem \u00e0s necessidades do planeta. A economia circular surge como modelo essencial para garantir equil\u00edbrio entre consumo, produ\u00e7\u00e3o e preserva\u00e7\u00e3o.<br \/>No\u00a0<strong>OPENTHINK SUSTAINABILITY<\/strong>, acreditamos que sistemas circulares e regenerativos s\u00e3o a base para construir um futuro\u00a0<strong>justo, pr\u00f3spero e equilibrado<\/strong>\u00a0para as pr\u00f3ximas gera\u00e7\u00f5es.<\/p>                        <\/div>\n\n                    <\/div>\n\n                <\/div><!-- .elementskit-card END -->\n\n                                        <\/div>\n    <\/div>\t\t\t\t<\/div>\n\t\t\t\t<\/div>\n\t\t\t\t\t<\/div>\n\t\t\t\t<\/div>\n\t\t\t\t<section class=\"elementor-section elementor-inner-section elementor-element elementor-element-b5844aa elementor-section-full_width elementor-section-height-default elementor-section-height-default\" data-id=\"b5844aa\" data-element_type=\"section\" data-e-type=\"section\">\n\t\t\t\t\t\t<div class=\"elementor-container elementor-column-gap-default\">\n\t\t\t\t\t<div class=\"elementor-column elementor-col-50 elementor-inner-column elementor-element elementor-element-897a90d\" data-id=\"897a90d\" data-element_type=\"column\" data-e-type=\"column\">\n\t\t\t<div class=\"elementor-widget-wrap elementor-element-populated\">\n\t\t\t\t\t\t<div class=\"elementor-element elementor-element-26e28cd elementor-widget elementor-widget-elementskit-heading\" data-id=\"26e28cd\" data-element_type=\"widget\" data-e-type=\"widget\" data-widget_type=\"elementskit-heading.default\">\n\t\t\t\t<div class=\"elementor-widget-container\">\n\t\t\t\t\t<div class=\"ekit-wid-con\" ><div class=\"ekit-heading elementskit-section-title-wraper text_left   ekit_heading_tablet-   ekit_heading_mobile-\"><h2 class=\"ekit-heading--title elementskit-section-title \">Participe de nossos  <span><span>OPEN HUBS<\/span><\/span><\/h2>\t\t\t\t<div class='ekit-heading__description'>\n\t\t\t\t\t<p>A inclus\u00e3o social, por meio do compartilhamento do conhecimento e recursos de ensino e aprendizagem, \u00e9 a melhor estrat\u00e9gia para a constru\u00e7\u00e3o de uma sociedade mais justa e sustent\u00e1vel.<\/p>\n\t\t\t\t<\/div>\n\t\t\t<\/div><\/div>\t\t\t\t<\/div>\n\t\t\t\t<\/div>\n\t\t\t\t\t<\/div>\n\t\t<\/div>\n\t\t\t\t<div class=\"elementor-column elementor-col-50 elementor-inner-column elementor-element elementor-element-035d2e7\" data-id=\"035d2e7\" data-element_type=\"column\" data-e-type=\"column\">\n\t\t\t<div class=\"elementor-widget-wrap elementor-element-populated\">\n\t\t\t\t\t\t<div class=\"elementor-element elementor-element-4bdf549 elementor-align-right elementor-align--mobilecenter elementor-widget elementor-widget-elementskit-button\" data-id=\"4bdf549\" data-element_type=\"widget\" data-e-type=\"widget\" data-widget_type=\"elementskit-button.default\">\n\t\t\t\t<div class=\"elementor-widget-container\">\n\t\t\t\t\t<div class=\"ekit-wid-con\" >\t\t<div class=\"ekit-btn-wraper\">\n\t\t\t\t\t\t\t<a href=\"#\" class=\"elementskit-btn  whitespace--normal\" id=\"\">\n\t\t\t\t\tCADASTRE-SE AGORA!\t\t\t\t<\/a>\n\t\t\t\t\t<\/div>\n        <\/div>\t\t\t\t<\/div>\n\t\t\t\t<\/div>\n\t\t\t\t\t<\/div>\n\t\t<\/div>\n\t\t\t\t\t<\/div>\n\t\t<\/section>\n\t\t\t\t<\/div>\n\t\t","protected":false},"excerpt":{"rendered":"<p>+55 16 98139-5156 contato@openthink.com.br Cerqueira Cesar 481, Ribeir\u00e3o Preto, SP Inicio Open Think Sustainability Conte\u00fado Contato Sobre o OPENTHINK SUSTAINABILITY [&hellip;]<\/p>\n","protected":false},"author":1,"featured_media":0,"parent":0,"menu_order":0,"comment_status":"closed","ping_status":"closed","template":"elementor_canvas","meta":{"pmpro_default_level":"","site-sidebar-layout":"no-sidebar","site-content-layout":"","ast-site-content-layout":"full-width-container","site-content-style":"default","site-sidebar-style":"default","ast-global-header-display":"","ast-banner-title-visibility":"","ast-main-header-display":"","ast-hfb-above-header-display":"","ast-hfb-below-header-display":"","ast-hfb-mobile-header-display":"","site-post-title":"disabled","ast-breadcrumbs-content":"","ast-featured-img":"disabled","footer-sml-layout":"","theme-transparent-header-meta":"","adv-header-id-meta":"","stick-header-meta":"","header-above-stick-meta":"","header-main-stick-meta":"","header-below-stick-meta":"","astra-migrate-meta-layouts":"default","ast-page-background-enabled":"default","ast-page-background-meta":{"desktop":{"background-color":"var(--ast-global-color-5)","background-image":"","background-repeat":"repeat","background-position":"center center","background-size":"auto","background-attachment":"scroll","background-type":"","background-media":"","overlay-type":"","overlay-color":"","overlay-opacity":"","overlay-gradient":""},"tablet":{"background-color":"","background-image":"","background-repeat":"repeat","background-position":"center center","background-size":"auto","background-attachment":"scroll","background-type":"","background-media":"","overlay-type":"","overlay-color":"","overlay-opacity":"","overlay-gradient":""},"mobile":{"background-color":"","background-image":"","background-repeat":"repeat","background-position":"center center","background-size":"auto","background-attachment":"scroll","background-type":"","background-media":"","overlay-type":"","overlay-color":"","overlay-opacity":"","overlay-gradient":""}},"ast-content-background-meta":{"desktop":{"background-color":"var(--ast-global-color-4)","background-image":"","background-repeat":"repeat","background-position":"center center","background-size":"auto","background-attachment":"scroll","background-type":"","background-media":"","overlay-type":"","overlay-color":"","overlay-opacity":"","overlay-gradient":""},"tablet":{"background-color":"var(--ast-global-color-4)","background-image":"","background-repeat":"repeat","background-position":"center center","background-size":"auto","background-attachment":"scroll","background-type":"","background-media":"","overlay-type":"","overlay-color":"","overlay-opacity":"","overlay-gradient":""},"mobile":{"background-color":"var(--ast-global-color-4)","background-image":"","background-repeat":"repeat","background-position":"center center","background-size":"auto","background-attachment":"scroll","background-type":"","background-media":"","overlay-type":"","overlay-color":"","overlay-opacity":"","overlay-gradient":""}},"courseId":0,"footnotes":""},"class_list":["post-2667","page","type-page","status-publish","hentry","pmpro-has-access"],"_links":{"self":[{"href":"https:\/\/openthink.com.br\/digital\/wp-json\/wp\/v2\/pages\/2667","targetHints":{"allow":["GET"]}}],"collection":[{"href":"https:\/\/openthink.com.br\/digital\/wp-json\/wp\/v2\/pages"}],"about":[{"href":"https:\/\/openthink.com.br\/digital\/wp-json\/wp\/v2\/types\/page"}],"author":[{"embeddable":true,"href":"https:\/\/openthink.com.br\/digital\/wp-json\/wp\/v2\/users\/1"}],"replies":[{"embeddable":true,"href":"https:\/\/openthink.com.br\/digital\/wp-json\/wp\/v2\/comments?post=2667"}],"version-history":[{"count":19,"href":"https:\/\/openthink.com.br\/digital\/wp-json\/wp\/v2\/pages\/2667\/revisions"}],"predecessor-version":[{"id":3883,"href":"https:\/\/openthink.com.br\/digital\/wp-json\/wp\/v2\/pages\/2667\/revisions\/3883"}],"wp:attachment":[{"href":"https:\/\/openthink.com.br\/digital\/wp-json\/wp\/v2\/media?parent=2667"}],"curies":[{"name":"wp","href":"https:\/\/api.w.org\/{rel}","templated":true}]}}