{"id":815,"date":"2025-03-07T17:39:28","date_gmt":"2025-03-07T17:39:28","guid":{"rendered":"https:\/\/openthink.com.br\/digital\/?post_type=product&#038;p=815"},"modified":"2025-03-07T17:39:29","modified_gmt":"2025-03-07T17:39:29","slug":"rpg-agile-e-governanca-corporativa","status":"publish","type":"product","link":"https:\/\/openthink.com.br\/digital\/produto\/rpg-agile-e-governanca-corporativa\/","title":{"rendered":"RPG: Agile e Governan\u00e7a Corporativa"},"content":{"rendered":"<div id=\"block-cf1f4445-b50b-4d7f-8ce1-736c0b4661d2\" class=\"block-editor-block-list__block wp-block is-selected wp-block-freeform\" tabindex=\"0\" role=\"document\" aria-label=\"Bloco: Cl\u00e1ssico\" data-block=\"cf1f4445-b50b-4d7f-8ce1-736c0b4661d2\" data-type=\"core\/freeform\" data-title=\"Cl\u00e1ssico\">\n<div>\n<p>O Role-Playing Game (RPG) \u00e9 uma inovadora ferramenta de aprendizagem ativa que rapidamente imerge e engaja os participantes em processos de aprendizado pr\u00e1tico. Desenvolvido por uma equipe de agilistas experientes, este RPG \u00e9 projetado para capacitar organiza\u00e7\u00f5es na gest\u00e3o \u00e1gil de seus projetos de transforma\u00e7\u00e3o digital, destacando o valor estrat\u00e9gico da governan\u00e7a corporativa ao longo do processo.<\/p>\n<\/div>\n<\/div>\n","protected":false},"excerpt":{"rendered":"<p>O Role-Playing Game (RPG) \u00e9 uma inovadora ferramenta de aprendizagem ativa que rapidamente imerge e engaja os participantes em processos [&hellip;]<\/p>\n","protected":false},"featured_media":730,"comment_status":"open","ping_status":"closed","template":"","meta":{"pmpro_default_level":"","site-sidebar-layout":"default","site-content-layout":"","ast-site-content-layout":"default","site-content-style":"default","site-sidebar-style":"default","ast-global-header-display":"","ast-banner-title-visibility":"","ast-main-header-display":"","ast-hfb-above-header-display":"","ast-hfb-below-header-display":"","ast-hfb-mobile-header-display":"","site-post-title":"","ast-breadcrumbs-content":"","ast-featured-img":"","footer-sml-layout":"","theme-transparent-header-meta":"","adv-header-id-meta":"","stick-header-meta":"","header-above-stick-meta":"","header-main-stick-meta":"","header-below-stick-meta":"","astra-migrate-meta-layouts":"default","ast-page-background-enabled":"default","ast-page-background-meta":{"desktop":{"background-color":"var(--ast-global-color-5)","background-image":"","background-repeat":"repeat","background-position":"center center","background-size":"auto","background-attachment":"scroll","background-type":"","background-media":"","overlay-type":"","overlay-color":"","overlay-opacity":"","overlay-gradient":""},"tablet":{"background-color":"","background-image":"","background-repeat":"repeat","background-position":"center center","background-size":"auto","background-attachment":"scroll","background-type":"","background-media":"","overlay-type":"","overlay-color":"","overlay-opacity":"","overlay-gradient":""},"mobile":{"background-color":"","background-image":"","background-repeat":"repeat","background-position":"center center","background-size":"auto","background-attachment":"scroll","background-type":"","background-media":"","overlay-type":"","overlay-color":"","overlay-opacity":"","overlay-gradient":""}},"ast-content-background-meta":{"desktop":{"background-color":"var(--ast-global-color-4)","background-image":"","background-repeat":"repeat","background-position":"center center","background-size":"auto","background-attachment":"scroll","background-type":"","background-media":"","overlay-type":"","overlay-color":"","overlay-opacity":"","overlay-gradient":""},"tablet":{"background-color":"var(--ast-global-color-4)","background-image":"","background-repeat":"repeat","background-position":"center center","background-size":"auto","background-attachment":"scroll","background-type":"","background-media":"","overlay-type":"","overlay-color":"","overlay-opacity":"","overlay-gradient":""},"mobile":{"background-color":"var(--ast-global-color-4)","background-image":"","background-repeat":"repeat","background-position":"center center","background-size":"auto","background-attachment":"scroll","background-type":"","background-media":"","overlay-type":"","overlay-color":"","overlay-opacity":"","overlay-gradient":""}}},"product_brand":[],"product_cat":[61],"product_tag":[],"class_list":{"0":"post-815","1":"product","2":"type-product","3":"status-publish","4":"has-post-thumbnail","6":"product_cat-digital","7":"pmpro-has-access","8":"desktop-align-left","9":"tablet-align-left","10":"mobile-align-left","12":"first","13":"instock","14":"virtual","15":"purchasable","16":"product-type-simple"},"_links":{"self":[{"href":"https:\/\/openthink.com.br\/digital\/wp-json\/wp\/v2\/product\/815","targetHints":{"allow":["GET"]}}],"collection":[{"href":"https:\/\/openthink.com.br\/digital\/wp-json\/wp\/v2\/product"}],"about":[{"href":"https:\/\/openthink.com.br\/digital\/wp-json\/wp\/v2\/types\/product"}],"replies":[{"embeddable":true,"href":"https:\/\/openthink.com.br\/digital\/wp-json\/wp\/v2\/comments?post=815"}],"wp:featuredmedia":[{"embeddable":true,"href":"https:\/\/openthink.com.br\/digital\/wp-json\/wp\/v2\/media\/730"}],"wp:attachment":[{"href":"https:\/\/openthink.com.br\/digital\/wp-json\/wp\/v2\/media?parent=815"}],"wp:term":[{"taxonomy":"product_brand","embeddable":true,"href":"https:\/\/openthink.com.br\/digital\/wp-json\/wp\/v2\/product_brand?post=815"},{"taxonomy":"product_cat","embeddable":true,"href":"https:\/\/openthink.com.br\/digital\/wp-json\/wp\/v2\/product_cat?post=815"},{"taxonomy":"product_tag","embeddable":true,"href":"https:\/\/openthink.com.br\/digital\/wp-json\/wp\/v2\/product_tag?post=815"}],"curies":[{"name":"wp","href":"https:\/\/api.w.org\/{rel}","templated":true}]}}