{"id":547,"date":"2024-11-22T18:16:42","date_gmt":"2024-11-22T18:16:42","guid":{"rendered":"https:\/\/openthink.com.br\/sustainability\/?page_id=547"},"modified":"2024-11-22T18:23:30","modified_gmt":"2024-11-22T18:23:30","slug":"cursos-2","status":"publish","type":"page","link":"https:\/\/openthink.com.br\/sustainability\/cursos-2\/","title":{"rendered":"Cursos"},"content":{"rendered":"\t\t<div data-elementor-type=\"wp-page\" data-elementor-id=\"547\" class=\"elementor elementor-547\">\n\t\t\t\t<div class=\"elementor-element elementor-element-0a8e864 e-flex e-con-boxed e-con e-parent\" data-id=\"0a8e864\" data-element_type=\"container\">\n\t\t\t\t\t<div class=\"e-con-inner\">\n\t\t\t\t<div class=\"elementor-element elementor-element-45a2d61 elementor-widget elementor-widget-elementskit-blog-posts\" data-id=\"45a2d61\" data-element_type=\"widget\" data-widget_type=\"elementskit-blog-posts.default\">\n\t\t\t\t<div class=\"elementor-widget-container\">\n\t\t\t\t\t<div class=\"ekit-wid-con\" >        <div id=\"post-items--45a2d61\" class=\"row post-items\">\n                    <div class=\"col-lg-4 col-md-6\">\n\n                                    <div class=\"elementskit-post-image-card\">\n                        <div class=\"elementskit-entry-header\">\n                                                            <a href=\"https:\/\/openthink.com.br\/sustainability\/2024\/11\/22\/descubra-o-curso-jornada-da-sustentabilidade-transforme-sua-empresa-e-sua-carreira\/\" class=\"elementskit-entry-thumb\">\n                                    <img decoding=\"async\" src=\"https:\/\/openthink.com.br\/sustainability\/wp-content\/uploads\/2024\/11\/CURSO-JORNADA-DA-SUSTENTABILIDADE-1024x618.png\" alt=\"Descubra o Curso Jornada da Sustentabilidade: Transforme sua Empresa e sua Carreira\">\n                                <\/a><!-- .elementskit-entry-thumb END -->\n                                                            \n                            \n\t\t\t\t\t\t\t\t\t\t\t\t\t<\/div><!-- .elementskit-entry-header END -->\n\n\t\t\t\t\t\t<div class=\"elementskit-post-body \">\n\t\t\t\t\t\t\t\n\t\t\t\t\t\t\t\t\t\t\t\t\t\t\t\t\t\t\t\t\t\t\t\t\t\t\t\t\t\t\n\t\t\t\t\t\t\t\t\n\t\t\t\t\t\t\t\t\t\t\t\t\t\t\t\t\t\t\t\t\t<h2 class=\"entry-title\">\n\t\t\t\t\t<a href=\"https:\/\/openthink.com.br\/sustainability\/2024\/11\/22\/descubra-o-curso-jornada-da-sustentabilidade-transforme-sua-empresa-e-sua-carreira\/\">\n\t\t\t\t\t\tDescubra o Curso Jornada da Sustentabilidade: Transforme sua Empresa e sua Carreira\t\t\t\t\t<\/a>\n\t\t\t\t<\/h2>\n\t\t\t\t\t\t\t\t\t\t\t\t\t\t\t\t\t\t\t\t\t\t\t\t\t\t\t\t\t\t\t\t\t\t\t\t\t\t\t\t\t\t<p>A sustentabilidade n\u00e3o \u00e9 mais uma op\u00e7\u00e3o; \u00e9 uma necessidade urgente para empresas e profissionais que desejam fazer a diferen\u00e7a em um mundo em constante mudan\u00e7a. Pensando nisso, o Hub Sustainability apresenta o curso &#8220;Jornada da Sustentabilidade&#8221;, uma experi\u00eancia \u00fanica para capacitar equipes a liderar a transforma\u00e7\u00e3o rumo a pr\u00e1ticas mais \u00e9ticas, inovadoras e sustent\u00e1veis. [&hellip;]<\/p>\n\t\t\t\t\t\t\t\t\t\t\t\t\t\t\t\t\t\t\t\t\t\t                                                            <div class=\"btn-wraper\">\n                                    \n                                                                            <a class=\"elementskit-btn whitespace--normal\" id=\"\" href=\"https:\/\/openthink.com.br\/sustainability\/2024\/11\/22\/descubra-o-curso-jornada-da-sustentabilidade-transforme-sua-empresa-e-sua-carreira\/\">\n                                        \t                                            Leia mais                                        <\/a>\n                                                                    <\/div>\n                                                    <\/div><!-- .elementskit-post-body END -->\n                    <\/div>\n                \n            <\/div>\n                    <div class=\"col-lg-4 col-md-6\">\n\n                                    <div class=\"elementskit-post-image-card\">\n                        <div class=\"elementskit-entry-header\">\n                                                            <a href=\"https:\/\/openthink.com.br\/sustainability\/2024\/11\/22\/capacitacao-corporativa-o-curso-negocios-e-sustentabilidade-para-empresas\/\" class=\"elementskit-entry-thumb\">\n                                    <img decoding=\"async\" src=\"https:\/\/openthink.com.br\/sustainability\/wp-content\/uploads\/2024\/11\/CURSO-CAPACITACAO-CORPORATIVA-1024x618.png\" alt=\"Capacita\u00e7\u00e3o Corporativa: O Curso Neg\u00f3cios e Sustentabilidade para Empresas\">\n                                <\/a><!-- .elementskit-entry-thumb END -->\n                                                            \n                            \n\t\t\t\t\t\t\t\t\t\t\t\t\t<\/div><!-- .elementskit-entry-header END -->\n\n\t\t\t\t\t\t<div class=\"elementskit-post-body \">\n\t\t\t\t\t\t\t\n\t\t\t\t\t\t\t\t\t\t\t\t\t\t\t\t\t\t\t\t\t\t\t\t\t\t\t\t\t\t\n\t\t\t\t\t\t\t\t\n\t\t\t\t\t\t\t\t\t\t\t\t\t\t\t\t\t\t\t\t\t<h2 class=\"entry-title\">\n\t\t\t\t\t<a href=\"https:\/\/openthink.com.br\/sustainability\/2024\/11\/22\/capacitacao-corporativa-o-curso-negocios-e-sustentabilidade-para-empresas\/\">\n\t\t\t\t\t\tCapacita\u00e7\u00e3o Corporativa: O Curso Neg\u00f3cios e Sustentabilidade para Empresas\t\t\t\t\t<\/a>\n\t\t\t\t<\/h2>\n\t\t\t\t\t\t\t\t\t\t\t\t\t\t\t\t\t\t\t\t\t\t\t\t\t\t\t\t\t\t\t\t\t\t\t\t\t\t\t\t\t\t<p>A sustentabilidade se tornou uma prioridade estrat\u00e9gica para empresas que desejam prosperar em um mercado cada vez mais consciente e competitivo. Pensando nisso, o Hub Sustainability apresenta o curso &#8220;Neg\u00f3cios e Sustentabilidade&#8221;, desenvolvido especialmente para capacitar colaboradores de empresas a integrar pr\u00e1ticas sustent\u00e1veis em suas rotinas e opera\u00e7\u00f5es. Com uma abordagem pr\u00e1tica e orientada para [&hellip;]<\/p>\n\t\t\t\t\t\t\t\t\t\t\t\t\t\t\t\t\t\t\t\t\t\t                                                            <div class=\"btn-wraper\">\n                                    \n                                                                            <a class=\"elementskit-btn whitespace--normal\" id=\"\" href=\"https:\/\/openthink.com.br\/sustainability\/2024\/11\/22\/capacitacao-corporativa-o-curso-negocios-e-sustentabilidade-para-empresas\/\">\n                                        \t                                            Leia mais                                        <\/a>\n                                                                    <\/div>\n                                                    <\/div><!-- .elementskit-post-body END -->\n                    <\/div>\n                \n            <\/div>\n                <\/div>\n       <\/div>\t\t\t\t<\/div>\n\t\t\t\t<\/div>\n\t\t\t\t\t<\/div>\n\t\t\t\t<\/div>\n\t\t\t\t<\/div>\n\t\t","protected":false},"excerpt":{"rendered":"<p>Capacita\u00e7\u00e3o Corporativa: O Curso Neg\u00f3cios e Sustentabilidade para Empresas A sustentabilidade se tornou uma prioridade estrat\u00e9gica para empresas que desejam prosperar em um mercado cada vez mais consciente e competitivo. Pensando nisso, o Hub Sustainability apresenta o curso &#8220;Neg\u00f3cios e Sustentabilidade&#8221;, desenvolvido especialmente para capacitar colaboradores de empresas a integrar pr\u00e1ticas sustent\u00e1veis em suas rotinas [&hellip;]<\/p>\n","protected":false},"author":2,"featured_media":0,"parent":0,"menu_order":0,"comment_status":"closed","ping_status":"closed","template":"elementor_header_footer","meta":{"footnotes":""},"class_list":["post-547","page","type-page","status-publish","hentry"],"_links":{"self":[{"href":"https:\/\/openthink.com.br\/sustainability\/wp-json\/wp\/v2\/pages\/547","targetHints":{"allow":["GET"]}}],"collection":[{"href":"https:\/\/openthink.com.br\/sustainability\/wp-json\/wp\/v2\/pages"}],"about":[{"href":"https:\/\/openthink.com.br\/sustainability\/wp-json\/wp\/v2\/types\/page"}],"author":[{"embeddable":true,"href":"https:\/\/openthink.com.br\/sustainability\/wp-json\/wp\/v2\/users\/2"}],"replies":[{"embeddable":true,"href":"https:\/\/openthink.com.br\/sustainability\/wp-json\/wp\/v2\/comments?post=547"}],"version-history":[{"count":4,"href":"https:\/\/openthink.com.br\/sustainability\/wp-json\/wp\/v2\/pages\/547\/revisions"}],"predecessor-version":[{"id":555,"href":"https:\/\/openthink.com.br\/sustainability\/wp-json\/wp\/v2\/pages\/547\/revisions\/555"}],"wp:attachment":[{"href":"https:\/\/openthink.com.br\/sustainability\/wp-json\/wp\/v2\/media?parent=547"}],"curies":[{"name":"wp","href":"https:\/\/api.w.org\/{rel}","templated":true}]}}