{"id":613,"date":"2025-08-28T20:49:22","date_gmt":"2025-08-28T20:49:22","guid":{"rendered":"https:\/\/openthink.com.br\/sustainability\/?page_id=613"},"modified":"2025-08-28T21:00:53","modified_gmt":"2025-08-28T21:00:53","slug":"elementor-613","status":"publish","type":"page","link":"https:\/\/openthink.com.br\/sustainability\/elementor-613\/","title":{"rendered":"OpenHub"},"content":{"rendered":"\t\t<div data-elementor-type=\"wp-page\" data-elementor-id=\"613\" class=\"elementor elementor-613\">\n\t\t\t\t<div class=\"elementor-element elementor-element-0fb6128 e-flex e-con-boxed e-con e-parent\" data-id=\"0fb6128\" data-element_type=\"container\">\n\t\t\t\t\t<div class=\"e-con-inner\">\n\t\t<div class=\"elementor-element elementor-element-be3f53f e-con-full e-flex e-con e-child\" data-id=\"be3f53f\" data-element_type=\"container\">\n\t\t\t\t<div class=\"elementor-element elementor-element-9ddc453 elementor-widget elementor-widget-elementskit-heading\" data-id=\"9ddc453\" data-element_type=\"widget\" data-widget_type=\"elementskit-heading.default\">\n\t\t\t\t<div class=\"elementor-widget-container\">\n\t\t\t\t\t<div class=\"ekit-wid-con\" ><div class=\"ekit-heading elementskit-section-title-wraper text_left   ekit_heading_tablet-   ekit_heading_mobile-\"><h2 class=\"ekit-heading--title elementskit-section-title \">Sobre o  OPENTHINK SUSTAINABILITY<\/h2><div class=\"ekit_heading_separetor_wraper ekit_heading_elementskit-border-divider ekit-dotted\"><div class=\"elementskit-border-divider ekit-dotted\"><\/div><\/div><h3 class=\"ekit-heading--subtitle elementskit-section-subtitle  \">\n\t\t\t\t\t\tAcreditamos que a sustentabilidade, quando guiada por valores humanos e coletivos, \u00e9 capaz de gerar impacto real e positivo em comunidades, organiza\u00e7\u00f5es e territ\u00f3rios. Nosso prop\u00f3sito \u00e9 mostrar que um futuro sustent\u00e1vel depende n\u00e3o s\u00f3 de mudan\u00e7as de mentalidade, mas da transforma\u00e7\u00e3o dos sistemas que sustentam nossa sociedade.\n\t\t\t\t\t<\/h3>\t\t\t\t<div class='ekit-heading__description'>\n\t\t\t\t\t<p>O <strong>OPENTHINK SUSTAINABILITY<\/strong> \u00e9 um dos HUBs do ecossistema <strong>SOCIAL INNOVATION GUIDE<\/strong>.<br \/>Nossa miss\u00e3o \u00e9 impulsionar a <strong>economia circular<\/strong> como motor de regenera\u00e7\u00e3o, promovendo pr\u00e1ticas que unem inova\u00e7\u00e3o, responsabilidade social e prote\u00e7\u00e3o ambiental.<\/p>\n<p>Buscamos fomentar reflex\u00f5es, conex\u00f5es e iniciativas que substituam o modelo linear de produ\u00e7\u00e3o e consumo por solu\u00e7\u00f5es circulares, capazes de reduzir o desperd\u00edcio, regenerar recursos naturais e criar valor duradouro.<\/p>\n<p>Apoiados nos tr\u00eas pilares da sustentabilidade \u2014 <strong>social, ambiental e econ\u00f4mico<\/strong> \u2014, acreditamos que s\u00f3 por meio da colabora\u00e7\u00e3o entre governos, empresas, comunidades e indiv\u00edduos ser\u00e1 poss\u00edvel construir um futuro mais justo, equilibrado e pr\u00f3spero para as pr\u00f3ximas gera\u00e7\u00f5es.<\/p>\n\t\t\t\t<\/div>\n\t\t\t<\/div><\/div>\t\t\t\t<\/div>\n\t\t\t\t<\/div>\n\t\t\t\t<\/div>\n\t\t<div class=\"elementor-element elementor-element-8908f07 e-con-full e-flex e-con e-child\" data-id=\"8908f07\" data-element_type=\"container\">\n\t\t\t\t<div class=\"elementor-element elementor-element-0ffc150 elementor-widget__width-initial elementor-widget elementor-widget-elementskit-accordion\" data-id=\"0ffc150\" data-element_type=\"widget\" data-widget_type=\"elementskit-accordion.default\">\n\t\t\t\t<div class=\"elementor-widget-container\">\n\t\t\t\t\t<div class=\"ekit-wid-con\" >\n        <div class=\"elementskit-accordion accoedion-primary\" id=\"accordion-69fdc4ac83b90\">\n\n            \n                <div class=\"elementskit-card active\">\n                    <div class=\"elementskit-card-header\" id=\"primaryHeading-0-0ffc150\">\n                        <a href=\"#collapse-bc2283069fdc4ac83b90\" class=\"ekit-accordion--toggler elementskit-btn-link collapsed\" data-ekit-toggle=\"collapse\" data-target=\"#Collapse-bc2283069fdc4ac83b90\" aria-expanded=\"true\" aria-controls=\"Collapse-bc2283069fdc4ac83b90\">\n                            \n                                <span class=\"number\"><\/span>\n\n                            \n                            <span class=\"ekit-accordion-title\">Nossa Miss\u00e3o<\/span>\n\n                            \n                                <div class=\"ekit_accordion_icon_group\">\n                                    <div class=\"ekit_accordion_normal_icon\">\n                                        <!-- Normal Icon -->\n\t\t\t\t\t\t\t\t\t\t<i class=\"icon icon-down-arrow1\"><\/i>                                    <\/div>\n\n                                    <div class=\"ekit_accordion_active_icon\">\n                                        <!-- Active Icon -->\n\t\t\t\t\t\t\t\t\t\t<i class=\"icon icon-up-arrow\"><\/i>                                    <\/div>\n                                <\/div>\n\n                            \n                                                    <\/a>\n                    <\/div>\n\n                    <div id=\"Collapse-bc2283069fdc4ac83b90\" class=\" show collapse\" aria-labelledby=\"primaryHeading-0-0ffc150\" data-parent=\"#accordion-69fdc4ac83b90\">\n\n                        <div class=\"elementskit-card-body ekit-accordion--content\">\n                            <p>Acreditamos que o caminho para um futuro sustent\u00e1vel exige n\u00e3o apenas mudan\u00e7as individuais, mas a transforma\u00e7\u00e3o sist\u00eamica dos nossos modelos econ\u00f4micos e sociais.<br \/>No <strong>OPENTHINK SUSTAINABILITY<\/strong>, nossa miss\u00e3o \u00e9 acelerar essa transi\u00e7\u00e3o, promovendo a <strong>economia circular<\/strong> como solu\u00e7\u00e3o essencial para os desafios ambientais e sociais do nosso tempo.<\/p>                        <\/div>\n\n                    <\/div>\n\n                <\/div><!-- .elementskit-card END -->\n\n                \n                <div class=\"elementskit-card \">\n                    <div class=\"elementskit-card-header\" id=\"primaryHeading-1-0ffc150\">\n                        <a href=\"#collapse-8417e7169fdc4ac83b90\" class=\"ekit-accordion--toggler elementskit-btn-link collapsed\" data-ekit-toggle=\"collapse\" data-target=\"#Collapse-8417e7169fdc4ac83b90\" aria-expanded=\"false\" aria-controls=\"Collapse-8417e7169fdc4ac83b90\">\n                            \n                                <span class=\"number\"><\/span>\n\n                            \n                            <span class=\"ekit-accordion-title\">O Que Fazemos<\/span>\n\n                            \n                                <div class=\"ekit_accordion_icon_group\">\n                                    <div class=\"ekit_accordion_normal_icon\">\n                                        <!-- Normal Icon -->\n\t\t\t\t\t\t\t\t\t\t<i class=\"icon icon-down-arrow1\"><\/i>                                    <\/div>\n\n                                    <div class=\"ekit_accordion_active_icon\">\n                                        <!-- Active Icon -->\n\t\t\t\t\t\t\t\t\t\t<i class=\"icon icon-up-arrow\"><\/i>                                    <\/div>\n                                <\/div>\n\n                            \n                                                    <\/a>\n                    <\/div>\n\n                    <div id=\"Collapse-8417e7169fdc4ac83b90\" class=\" collapse\" aria-labelledby=\"primaryHeading-1-0ffc150\" data-parent=\"#accordion-69fdc4ac83b90\">\n\n                        <div class=\"elementskit-card-body ekit-accordion--content\">\n                            <p>Promovemos solu\u00e7\u00f5es que v\u00e3o al\u00e9m do uso eficiente de recursos: defendemos uma abordagem <strong>regenerativa<\/strong>, onde produtos, servi\u00e7os e processos retornam ao ciclo produtivo.<br \/>Inspirados pela economia circular, buscamos <strong>fechar o ciclo<\/strong>, regenerar recursos naturais e proteger os ecossistemas.<\/p>                        <\/div>\n\n                    <\/div>\n\n                <\/div><!-- .elementskit-card END -->\n\n                \n                <div class=\"elementskit-card \">\n                    <div class=\"elementskit-card-header\" id=\"primaryHeading-2-0ffc150\">\n                        <a href=\"#collapse-3dad4e069fdc4ac83b90\" class=\"ekit-accordion--toggler elementskit-btn-link collapsed\" data-ekit-toggle=\"collapse\" data-target=\"#Collapse-3dad4e069fdc4ac83b90\" aria-expanded=\"false\" aria-controls=\"Collapse-3dad4e069fdc4ac83b90\">\n                            \n                                <span class=\"number\"><\/span>\n\n                            \n                            <span class=\"ekit-accordion-title\">Por que Transforma\u00e7\u00e3o Digital?<\/span>\n\n                            \n                                <div class=\"ekit_accordion_icon_group\">\n                                    <div class=\"ekit_accordion_normal_icon\">\n                                        <!-- Normal Icon -->\n\t\t\t\t\t\t\t\t\t\t<i class=\"icon icon-down-arrow1\"><\/i>                                    <\/div>\n\n                                    <div class=\"ekit_accordion_active_icon\">\n                                        <!-- Active Icon -->\n\t\t\t\t\t\t\t\t\t\t<i class=\"icon icon-up-arrow\"><\/i>                                    <\/div>\n                                <\/div>\n\n                            \n                                                    <\/a>\n                    <\/div>\n\n                    <div id=\"Collapse-3dad4e069fdc4ac83b90\" class=\" collapse\" aria-labelledby=\"primaryHeading-2-0ffc150\" data-parent=\"#accordion-69fdc4ac83b90\">\n\n                        <div class=\"elementskit-card-body ekit-accordion--content\">\n                            <p>Vivemos em uma era em que os limites do crescimento linear j\u00e1 n\u00e3o atendem \u00e0s necessidades do planeta. A economia circular surge como modelo essencial para garantir equil\u00edbrio entre consumo, produ\u00e7\u00e3o e preserva\u00e7\u00e3o.<br \/>No <strong>OPENTHINK SUSTAINABILITY<\/strong>, acreditamos que sistemas circulares e regenerativos s\u00e3o a base para construir um futuro <strong>justo, pr\u00f3spero e equilibrado<\/strong> para as pr\u00f3ximas gera\u00e7\u00f5es.<\/p>                        <\/div>\n\n                    <\/div>\n\n                <\/div><!-- .elementskit-card END -->\n\n                                        <\/div>\n    <\/div>\t\t\t\t<\/div>\n\t\t\t\t<\/div>\n\t\t\t\t<\/div>\n\t\t\t\t\t<\/div>\n\t\t\t\t<\/div>\n\t\t\t\t<\/div>\n\t\t","protected":false},"excerpt":{"rendered":"<p>Sobre o OPENTHINK SUSTAINABILITY Acreditamos que a sustentabilidade, quando guiada por valores humanos e coletivos, \u00e9 capaz de gerar impacto real e positivo em comunidades, organiza\u00e7\u00f5es e territ\u00f3rios. Nosso prop\u00f3sito \u00e9 mostrar que um futuro sustent\u00e1vel depende n\u00e3o s\u00f3 de mudan\u00e7as de mentalidade, mas da transforma\u00e7\u00e3o dos sistemas que sustentam nossa sociedade. O OPENTHINK SUSTAINABILITY [&hellip;]<\/p>\n","protected":false},"author":1,"featured_media":0,"parent":0,"menu_order":0,"comment_status":"closed","ping_status":"closed","template":"","meta":{"footnotes":""},"class_list":["post-613","page","type-page","status-publish","hentry"],"_links":{"self":[{"href":"https:\/\/openthink.com.br\/sustainability\/wp-json\/wp\/v2\/pages\/613","targetHints":{"allow":["GET"]}}],"collection":[{"href":"https:\/\/openthink.com.br\/sustainability\/wp-json\/wp\/v2\/pages"}],"about":[{"href":"https:\/\/openthink.com.br\/sustainability\/wp-json\/wp\/v2\/types\/page"}],"author":[{"embeddable":true,"href":"https:\/\/openthink.com.br\/sustainability\/wp-json\/wp\/v2\/users\/1"}],"replies":[{"embeddable":true,"href":"https:\/\/openthink.com.br\/sustainability\/wp-json\/wp\/v2\/comments?post=613"}],"version-history":[{"count":18,"href":"https:\/\/openthink.com.br\/sustainability\/wp-json\/wp\/v2\/pages\/613\/revisions"}],"predecessor-version":[{"id":632,"href":"https:\/\/openthink.com.br\/sustainability\/wp-json\/wp\/v2\/pages\/613\/revisions\/632"}],"wp:attachment":[{"href":"https:\/\/openthink.com.br\/sustainability\/wp-json\/wp\/v2\/media?parent=613"}],"curies":[{"name":"wp","href":"https:\/\/api.w.org\/{rel}","templated":true}]}}