{"id":469,"date":"2024-10-24T14:31:26","date_gmt":"2024-10-24T14:31:26","guid":{"rendered":"https:\/\/openthink.com.br\/systemic\/?page_id=469"},"modified":"2024-11-23T13:18:59","modified_gmt":"2024-11-23T13:18:59","slug":"cursos","status":"publish","type":"page","link":"https:\/\/openthink.com.br\/systemic\/cursos\/","title":{"rendered":"Cursos"},"content":{"rendered":"\t\t<div data-elementor-type=\"wp-page\" data-elementor-id=\"469\" class=\"elementor elementor-469\">\n\t\t\t\t\t\t<section class=\"elementor-section elementor-top-section elementor-element elementor-element-549c4bc elementor-section-boxed elementor-section-height-default elementor-section-height-default\" data-id=\"549c4bc\" data-element_type=\"section\" data-settings=\"{&quot;background_background&quot;:&quot;classic&quot;}\">\n\t\t\t\t\t\t<div class=\"elementor-container elementor-column-gap-default\">\n\t\t\t\t\t<div class=\"elementor-column elementor-col-100 elementor-top-column elementor-element elementor-element-32191be\" data-id=\"32191be\" data-element_type=\"column\">\n\t\t\t<div class=\"elementor-widget-wrap elementor-element-populated\">\n\t\t\t\t\t\t<section class=\"elementor-section elementor-inner-section elementor-element elementor-element-9353428 elementor-section-boxed elementor-section-height-default elementor-section-height-default\" data-id=\"9353428\" data-element_type=\"section\">\n\t\t\t\t\t\t<div class=\"elementor-container elementor-column-gap-default\">\n\t\t\t\t\t<div class=\"elementor-column elementor-col-100 elementor-inner-column elementor-element elementor-element-f4d7150\" data-id=\"f4d7150\" data-element_type=\"column\">\n\t\t\t<div class=\"elementor-widget-wrap elementor-element-populated\">\n\t\t\t\t\t\t<div class=\"elementor-element elementor-element-2135d8b elementor-widget elementor-widget-elementskit-blog-posts\" data-id=\"2135d8b\" data-element_type=\"widget\" data-widget_type=\"elementskit-blog-posts.default\">\n\t\t\t\t<div class=\"elementor-widget-container\">\n\t\t\t\t\t<div class=\"ekit-wid-con\" >        <div id=\"post-items--2135d8b\" class=\"row post-items\">\n                    <div class=\"col-lg-4 col-md-6\">\n\n                                    <div class=\"elementskit-post-image-card\">\n                        <div class=\"elementskit-entry-header\">\n                                                            <a href=\"https:\/\/openthink.com.br\/systemic\/2024\/11\/23\/transforme-sua-visao-com-o-curso-pensamento-sistemico-na-pratica-estruturas-e-dinamicas\/\" class=\"elementskit-entry-thumb\">\n                                    <img decoding=\"async\" src=\"https:\/\/openthink.com.br\/systemic\/wp-content\/uploads\/2024\/11\/CURSO-PENSAMENTO-SISTEMICO-1024x618.png\" alt=\"Transforme sua Vis\u00e3o com o Curso: Pensamento Sist\u00eamico na Pr\u00e1tica \u2013 Estruturas e Din\u00e2micas\">\n                                <\/a><!-- .elementskit-entry-thumb END -->\n                                                            \n                            \n\t\t\t\t\t\t\t\t\t\t\t\t\t<\/div><!-- .elementskit-entry-header END -->\n\n\t\t\t\t\t\t<div class=\"elementskit-post-body \">\n\t\t\t\t\t\t\t\n\t\t\t\t\t\t\t\t\t\t\t\t\t\t\t\t\t\t\t\t\t\t\t\t\t\t\t\t<div class=\"post-meta-list\">\n\t\t\t\t\t\t\t\t\t\t\t\t\t\t\t\t\t\t\t\t\t\t\t\t\t\t\t\t\t\t\t\t<span class=\"meta-date\">\n\t\t\t\t\t\t\t\t\t\t<i aria-hidden=\"true\" class=\"icon icon-calendar3\"><\/i>\t\t\t\t\t\t\t\t\t\t<span class=\"meta-date-text\">\n\t\t\t\t\t\t\t\t\t\t\tNovembro 23, 2024\t\t\t\t\t\t\t\t\t\t<\/span>\n\t\t\t\t\t\t\t\t\t<\/span>\n\t\t\t\t\t\t\t\t\t\t\t\t\t\t\t\t\t\t\t\t\t\t\t\t\t\t\t\t\t\t\t\t\t\t\t\t\t\t\t\t\t\t\t\t\t\t\t\t\t\t\t\t\t\t\t\t\t\t\t\t\t\t\t\t<span class=\"post-cat\">\n\t\t\t\t\t\t\t\t\t\t<i aria-hidden=\"true\" class=\"icon icon-folder\"><\/i>\t\t\t\t\t\t\t\t\t\t<a href=\"https:\/\/openthink.com.br\/systemic\/category\/cursos\/\" rel=\"category tag\">Cursos<\/a>\t\t\t\t\t\t\t\t\t<\/span>\n\t\t\t\t\t\t\t\t\t\t\t\t\t\t\t\t\t\t\t\t\t\t\t\t\t\t\t\t\t<\/div>\n\t\t\t\t\t\t\t\t\t\t\t\t\t\n\t\t\t\t\t\t\t\t\n\t\t\t\t\t\t\t\t\t\t\t\t\t\t\t\t\t\t\t\t\t<h2 class=\"entry-title\">\n\t\t\t\t\t<a href=\"https:\/\/openthink.com.br\/systemic\/2024\/11\/23\/transforme-sua-visao-com-o-curso-pensamento-sistemico-na-pratica-estruturas-e-dinamicas\/\">\n\t\t\t\t\t\tTransforme sua Vis\u00e3o com o Curso: Pensamento Sist\u00eamico na Pr\u00e1tica \u2013 Estruturas e Din\u00e2micas\t\t\t\t\t<\/a>\n\t\t\t\t<\/h2>\n\t\t\t\t\t\t\t\t\t\t\t\t\t\t\t\t\t\t\t\t\t\t\t\t\t\t\t\t\t\t\t\t\t\t\t\t\t\t\t\t\t\t<p>No mundo atual, onde problemas complexos exigem solu\u00e7\u00f5es inovadoras e integradas, o pensamento sist\u00eamico emerge como uma abordagem indispens\u00e1vel. Compreender como os sistemas funcionam e identificar suas din\u00e2micas internas pode ser o diferencial na busca por solu\u00e7\u00f5es duradouras em diversas \u00e1reas. Para atender a essa necessidade, apresentamos o curso \u201cPensamento Sist\u00eamico na Pr\u00e1tica: Estruturas e [&hellip;]<\/p>\n\t\t\t\t\t\t\t\t\t\t\t\t\t\t\t\t\t\t\t\t\t\t                                                    <\/div><!-- .elementskit-post-body END -->\n                    <\/div>\n                \n            <\/div>\n                    <div class=\"col-lg-4 col-md-6\">\n\n                                    <div class=\"elementskit-post-image-card\">\n                        <div class=\"elementskit-entry-header\">\n                                                            <a href=\"https:\/\/openthink.com.br\/systemic\/2024\/09\/30\/curso-de-organizacao-data-driven\/\" class=\"elementskit-entry-thumb\">\n                                    <img decoding=\"async\" src=\"https:\/\/openthink.com.br\/systemic\/wp-content\/uploads\/2024\/09\/divulgacao-data-driven-1024x682.jpg\" alt=\"Curso de Organiza\u00e7\u00e3o Data-Driven\">\n                                <\/a><!-- .elementskit-entry-thumb END -->\n                                                            \n                            \n\t\t\t\t\t\t\t\t\t\t\t\t\t<\/div><!-- .elementskit-entry-header END -->\n\n\t\t\t\t\t\t<div class=\"elementskit-post-body \">\n\t\t\t\t\t\t\t\n\t\t\t\t\t\t\t\t\t\t\t\t\t\t\t\t\t\t\t\t\t\t\t\t\t\t\t\t<div class=\"post-meta-list\">\n\t\t\t\t\t\t\t\t\t\t\t\t\t\t\t\t\t\t\t\t\t\t\t\t\t\t\t\t\t\t\t\t<span class=\"meta-date\">\n\t\t\t\t\t\t\t\t\t\t<i aria-hidden=\"true\" class=\"icon icon-calendar3\"><\/i>\t\t\t\t\t\t\t\t\t\t<span class=\"meta-date-text\">\n\t\t\t\t\t\t\t\t\t\t\tSetembro 30, 2024\t\t\t\t\t\t\t\t\t\t<\/span>\n\t\t\t\t\t\t\t\t\t<\/span>\n\t\t\t\t\t\t\t\t\t\t\t\t\t\t\t\t\t\t\t\t\t\t\t\t\t\t\t\t\t\t\t\t\t\t\t\t\t\t\t\t\t\t\t\t\t\t\t\t\t\t\t\t\t\t\t\t\t\t\t\t\t\t\t\t<span class=\"post-cat\">\n\t\t\t\t\t\t\t\t\t\t<i aria-hidden=\"true\" class=\"icon icon-folder\"><\/i>\t\t\t\t\t\t\t\t\t\t<a href=\"https:\/\/openthink.com.br\/systemic\/category\/cursos\/\" rel=\"category tag\">Cursos<\/a>\t\t\t\t\t\t\t\t\t<\/span>\n\t\t\t\t\t\t\t\t\t\t\t\t\t\t\t\t\t\t\t\t\t\t\t\t\t\t\t\t\t<\/div>\n\t\t\t\t\t\t\t\t\t\t\t\t\t\n\t\t\t\t\t\t\t\t\n\t\t\t\t\t\t\t\t\t\t\t\t\t\t\t\t\t\t\t\t\t<h2 class=\"entry-title\">\n\t\t\t\t\t<a href=\"https:\/\/openthink.com.br\/systemic\/2024\/09\/30\/curso-de-organizacao-data-driven\/\">\n\t\t\t\t\t\tCurso de Organiza\u00e7\u00e3o Data-Driven\t\t\t\t\t<\/a>\n\t\t\t\t<\/h2>\n\t\t\t\t\t\t\t\t\t\t\t\t\t\t\t\t\t\t\t\t\t\t\t\t\t\t\t\t\t\t\t\t\t\t\t\t\t\t\t\t\t\t<p>No mundo atual, as empresas que desejam se destacar e garantir uma vantagem competitiva precisam mais do que nunca se basear em dados para tomar decis\u00f5es. E \u00e9 exatamente isso que uma organiza\u00e7\u00e3o Data-Driven faz: utiliza informa\u00e7\u00f5es concretas para orientar estrat\u00e9gias, otimizar opera\u00e7\u00f5es e reduzir riscos. Mas como fazer essa transforma\u00e7\u00e3o em sua empresa? A [&hellip;]<\/p>\n\t\t\t\t\t\t\t\t\t\t\t\t\t\t\t\t\t\t\t\t\t\t                                                    <\/div><!-- .elementskit-post-body END -->\n                    <\/div>\n                \n            <\/div>\n                    <div class=\"col-lg-4 col-md-6\">\n\n                                    <div class=\"elementskit-post-image-card\">\n                        <div class=\"elementskit-entry-header\">\n                                                            <a href=\"https:\/\/openthink.com.br\/systemic\/2024\/09\/30\/curso-de-transformacao-agil-com-sucesso-a-capacitacao-que-sua-empresa-precisa\/\" class=\"elementskit-entry-thumb\">\n                                    <img decoding=\"async\" src=\"https:\/\/openthink.com.br\/systemic\/wp-content\/uploads\/2024\/09\/Imagem-para-transformacao-Agil-1024x683.jpg\" alt=\"Curso de Transforma\u00e7\u00e3o \u00c1gil com sucesso: A capacita\u00e7\u00e3o que sua empresa precisa\">\n                                <\/a><!-- .elementskit-entry-thumb END -->\n                                                            \n                            \n\t\t\t\t\t\t\t\t\t\t\t\t\t<\/div><!-- .elementskit-entry-header END -->\n\n\t\t\t\t\t\t<div class=\"elementskit-post-body \">\n\t\t\t\t\t\t\t\n\t\t\t\t\t\t\t\t\t\t\t\t\t\t\t\t\t\t\t\t\t\t\t\t\t\t\t\t<div class=\"post-meta-list\">\n\t\t\t\t\t\t\t\t\t\t\t\t\t\t\t\t\t\t\t\t\t\t\t\t\t\t\t\t\t\t\t\t<span class=\"meta-date\">\n\t\t\t\t\t\t\t\t\t\t<i aria-hidden=\"true\" class=\"icon icon-calendar3\"><\/i>\t\t\t\t\t\t\t\t\t\t<span class=\"meta-date-text\">\n\t\t\t\t\t\t\t\t\t\t\tSetembro 30, 2024\t\t\t\t\t\t\t\t\t\t<\/span>\n\t\t\t\t\t\t\t\t\t<\/span>\n\t\t\t\t\t\t\t\t\t\t\t\t\t\t\t\t\t\t\t\t\t\t\t\t\t\t\t\t\t\t\t\t\t\t\t\t\t\t\t\t\t\t\t\t\t\t\t\t\t\t\t\t\t\t\t\t\t\t\t\t\t\t\t\t<span class=\"post-cat\">\n\t\t\t\t\t\t\t\t\t\t<i aria-hidden=\"true\" class=\"icon icon-folder\"><\/i>\t\t\t\t\t\t\t\t\t\t<a href=\"https:\/\/openthink.com.br\/systemic\/category\/cursos\/\" rel=\"category tag\">Cursos<\/a>\t\t\t\t\t\t\t\t\t<\/span>\n\t\t\t\t\t\t\t\t\t\t\t\t\t\t\t\t\t\t\t\t\t\t\t\t\t\t\t\t\t<\/div>\n\t\t\t\t\t\t\t\t\t\t\t\t\t\n\t\t\t\t\t\t\t\t\n\t\t\t\t\t\t\t\t\t\t\t\t\t\t\t\t\t\t\t\t\t<h2 class=\"entry-title\">\n\t\t\t\t\t<a href=\"https:\/\/openthink.com.br\/systemic\/2024\/09\/30\/curso-de-transformacao-agil-com-sucesso-a-capacitacao-que-sua-empresa-precisa\/\">\n\t\t\t\t\t\tCurso de Transforma\u00e7\u00e3o \u00c1gil com sucesso: A capacita\u00e7\u00e3o que sua empresa precisa\t\t\t\t\t<\/a>\n\t\t\t\t<\/h2>\n\t\t\t\t\t\t\t\t\t\t\t\t\t\t\t\t\t\t\t\t\t\t\t\t\t\t\t\t\t\t\t\t\t\t\t\t\t\t\t\t\t\t<p>O mercado atual exige das empresas agilidade e flexibilidade para enfrentar desafios e responder rapidamente \u00e0s mudan\u00e7as. Se voc\u00ea quer liderar essa transforma\u00e7\u00e3o e preparar sua equipe para o futuro, o curso de Capacita\u00e7\u00e3o em Metodologias \u00c1geis para Transforma\u00e7\u00e3o \u00c1gil nas Empresas \u00e9 a escolha certa. O que \u00e9 a Transforma\u00e7\u00e3o \u00c1gil? A Transforma\u00e7\u00e3o \u00c1gil [&hellip;]<\/p>\n\t\t\t\t\t\t\t\t\t\t\t\t\t\t\t\t\t\t\t\t\t\t                                                    <\/div><!-- .elementskit-post-body END -->\n                    <\/div>\n                \n            <\/div>\n                <\/div>\n       <\/div>\t\t\t\t<\/div>\n\t\t\t\t<\/div>\n\t\t\t\t<div class=\"elementor-element elementor-element-b780cf3 elementor-widget elementor-widget-elementskit-heading\" data-id=\"b780cf3\" data-element_type=\"widget\" data-widget_type=\"elementskit-heading.default\">\n\t\t\t\t<div class=\"elementor-widget-container\">\n\t\t\t\t\t<div class=\"ekit-wid-con\" ><div class=\"ekit-heading elementskit-section-title-wraper center   ekit_heading_tablet-   ekit_heading_mobile-\"><h2 class=\"ekit-heading--title elementskit-section-title \">Nossos Cursos<\/h2><div class=\"ekit_heading_separetor_wraper ekit_heading_elementskit-border-divider ekit-dotted\"><div class=\"elementskit-border-divider ekit-dotted\"><\/div><\/div>\t\t\t\t<div class='ekit-heading__description'>\n\t\t\t\t\t<p><span class=\"text-gray-500\">Importante ferramenta de dissemina\u00e7\u00e3o de conhecimento, nossos cursos, nas mais diversas \u00e1reas nas quais atuamos, s\u00e3o criados para o desenvolvimento de pessoas e empresas.<\/span><\/p>\n\t\t\t\t<\/div>\n\t\t\t<\/div><\/div>\t\t\t\t<\/div>\n\t\t\t\t<\/div>\n\t\t\t\t\t<\/div>\n\t\t<\/div>\n\t\t\t\t\t<\/div>\n\t\t<\/section>\n\t\t\t\t\t<\/div>\n\t\t<\/div>\n\t\t\t\t\t<\/div>\n\t\t<\/section>\n\t\t\t\t<\/div>\n\t\t","protected":false},"excerpt":{"rendered":"<p>Novembro 23, 2024 Cursos Transforme sua Vis\u00e3o com o Curso: Pensamento Sist\u00eamico na Pr\u00e1tica \u2013 Estruturas e Din\u00e2micas No mundo atual, onde problemas complexos exigem solu\u00e7\u00f5es inovadoras e integradas, o pensamento sist\u00eamico emerge como uma abordagem indispens\u00e1vel. Compreender como os sistemas funcionam e identificar suas din\u00e2micas internas pode ser o diferencial na busca por solu\u00e7\u00f5es [&hellip;]<\/p>\n","protected":false},"author":1,"featured_media":0,"parent":0,"menu_order":0,"comment_status":"closed","ping_status":"closed","template":"elementor_header_footer","meta":{"footnotes":""},"class_list":["post-469","page","type-page","status-publish","hentry"],"_links":{"self":[{"href":"https:\/\/openthink.com.br\/systemic\/wp-json\/wp\/v2\/pages\/469","targetHints":{"allow":["GET"]}}],"collection":[{"href":"https:\/\/openthink.com.br\/systemic\/wp-json\/wp\/v2\/pages"}],"about":[{"href":"https:\/\/openthink.com.br\/systemic\/wp-json\/wp\/v2\/types\/page"}],"author":[{"embeddable":true,"href":"https:\/\/openthink.com.br\/systemic\/wp-json\/wp\/v2\/users\/1"}],"replies":[{"embeddable":true,"href":"https:\/\/openthink.com.br\/systemic\/wp-json\/wp\/v2\/comments?post=469"}],"version-history":[{"count":10,"href":"https:\/\/openthink.com.br\/systemic\/wp-json\/wp\/v2\/pages\/469\/revisions"}],"predecessor-version":[{"id":636,"href":"https:\/\/openthink.com.br\/systemic\/wp-json\/wp\/v2\/pages\/469\/revisions\/636"}],"wp:attachment":[{"href":"https:\/\/openthink.com.br\/systemic\/wp-json\/wp\/v2\/media?parent=469"}],"curies":[{"name":"wp","href":"https:\/\/api.w.org\/{rel}","templated":true}]}}