{"id":677,"date":"2025-08-28T22:29:00","date_gmt":"2025-08-28T22:29:00","guid":{"rendered":"https:\/\/openthink.com.br\/systemic\/?page_id=677"},"modified":"2025-08-28T22:32:42","modified_gmt":"2025-08-28T22:32:42","slug":"sobre-o-open-hub","status":"publish","type":"page","link":"https:\/\/openthink.com.br\/systemic\/sobre-o-open-hub\/","title":{"rendered":"Sobre o Open Hub"},"content":{"rendered":"\t\t<div data-elementor-type=\"wp-page\" data-elementor-id=\"677\" class=\"elementor elementor-677\">\n\t\t\t\t<div class=\"elementor-element elementor-element-7999415 e-flex e-con-boxed e-con e-parent\" data-id=\"7999415\" data-element_type=\"container\" data-settings=\"{&quot;background_background&quot;:&quot;classic&quot;}\">\n\t\t\t\t\t<div class=\"e-con-inner\">\n\t\t\t\t<div class=\"elementor-element elementor-element-dbf006d elementor-widget__width-initial elementor-widget elementor-widget-elementskit-heading\" data-id=\"dbf006d\" data-element_type=\"widget\" data-widget_type=\"elementskit-heading.default\">\n\t\t\t\t<div class=\"elementor-widget-container\">\n\t\t\t\t\t<div class=\"ekit-wid-con\" ><div class=\"ekit-heading elementskit-section-title-wraper text_left   ekit_heading_tablet-   ekit_heading_mobile-\"><h2 class=\"ekit-heading--title elementskit-section-title \">Sobre o <span><span>OPEN THINK SYSTEMIC<\/span><\/span><\/h2><div class=\"ekit_heading_separetor_wraper ekit_heading_elementskit-border-divider ekit-dotted\"><div class=\"elementskit-border-divider ekit-dotted\"><\/div><\/div>\t\t\t\t<div class='ekit-heading__description'>\n\t\t\t\t\t<p>No OPENTHINK SYSTEMIC, acreditamos que a chave para resolver os grandes desafios sociais e ambientais est\u00e1 em compreender a complexidade dos sistemas que nos cercam. Inspirados pelo trabalho seminal de Donella Meadows, reconhecemos que tudo ao nosso redor \u2014 desde ecossistemas naturais at\u00e9 organiza\u00e7\u00f5es sociais e econ\u00f4micas \u2014 \u00e9 parte de um sistema maior e interconectado.<\/p>\n\t\t\t\t<\/div>\n\t\t\t<\/div><\/div>\t\t\t\t<\/div>\n\t\t\t\t<\/div>\n\t\t\t\t<div class=\"elementor-element elementor-element-4d860b7 elementor-widget__width-initial elementor-widget elementor-widget-elementskit-accordion\" data-id=\"4d860b7\" data-element_type=\"widget\" data-widget_type=\"elementskit-accordion.default\">\n\t\t\t\t<div class=\"elementor-widget-container\">\n\t\t\t\t\t<div class=\"ekit-wid-con\" >\n        <div class=\"elementskit-accordion accoedion-primary\" id=\"accordion-69fdc46611038\">\n\n            \n                <div class=\"elementskit-card active\">\n                    <div class=\"elementskit-card-header\" id=\"primaryHeading-0-4d860b7\">\n                        <a href=\"#collapse-bc2283069fdc46611038\" class=\"ekit-accordion--toggler elementskit-btn-link collapsed\" data-ekit-toggle=\"collapse\" data-target=\"#Collapse-bc2283069fdc46611038\" aria-expanded=\"true\" aria-controls=\"Collapse-bc2283069fdc46611038\">\n                            \n                                <span class=\"number\"><\/span>\n\n                            \n                            <span class=\"ekit-accordion-title\">Nossa Miss\u00e3o<\/span>\n\n                            \n                                <div class=\"ekit_accordion_icon_group\">\n                                    <div class=\"ekit_accordion_normal_icon\">\n                                        <!-- Normal Icon -->\n\t\t\t\t\t\t\t\t\t\t<i class=\"icon icon-down-arrow1\"><\/i>                                    <\/div>\n\n                                    <div class=\"ekit_accordion_active_icon\">\n                                        <!-- Active Icon -->\n\t\t\t\t\t\t\t\t\t\t<i class=\"icon icon-up-arrow\"><\/i>                                    <\/div>\n                                <\/div>\n\n                            \n                                                    <\/a>\n                    <\/div>\n\n                    <div id=\"Collapse-bc2283069fdc46611038\" class=\" show collapse\" aria-labelledby=\"primaryHeading-0-4d860b7\" data-parent=\"#accordion-69fdc46611038\">\n\n                        <div class=\"elementskit-card-body ekit-accordion--content\">\n                            <p>No OPENTHINK SYSTEMIC, nossa miss\u00e3o \u00e9 fomentar uma nova forma de pensar e agir diante dos desafios sociais e ambientais, promovendo solu\u00e7\u00f5es que respeitem a complexidade e a interdepend\u00eancia dos sistemas naturais, sociais e econ\u00f4micos.<\/p>                        <\/div>\n\n                    <\/div>\n\n                <\/div><!-- .elementskit-card END -->\n\n                \n                <div class=\"elementskit-card \">\n                    <div class=\"elementskit-card-header\" id=\"primaryHeading-1-4d860b7\">\n                        <a href=\"#collapse-8417e7169fdc46611038\" class=\"ekit-accordion--toggler elementskit-btn-link collapsed\" data-ekit-toggle=\"collapse\" data-target=\"#Collapse-8417e7169fdc46611038\" aria-expanded=\"false\" aria-controls=\"Collapse-8417e7169fdc46611038\">\n                            \n                                <span class=\"number\"><\/span>\n\n                            \n                            <span class=\"ekit-accordion-title\">O Que Fazemos<\/span>\n\n                            \n                                <div class=\"ekit_accordion_icon_group\">\n                                    <div class=\"ekit_accordion_normal_icon\">\n                                        <!-- Normal Icon -->\n\t\t\t\t\t\t\t\t\t\t<i class=\"icon icon-down-arrow1\"><\/i>                                    <\/div>\n\n                                    <div class=\"ekit_accordion_active_icon\">\n                                        <!-- Active Icon -->\n\t\t\t\t\t\t\t\t\t\t<i class=\"icon icon-up-arrow\"><\/i>                                    <\/div>\n                                <\/div>\n\n                            \n                                                    <\/a>\n                    <\/div>\n\n                    <div id=\"Collapse-8417e7169fdc46611038\" class=\" collapse\" aria-labelledby=\"primaryHeading-1-4d860b7\" data-parent=\"#accordion-69fdc46611038\">\n\n                        <div class=\"elementskit-card-body ekit-accordion--content\">\n                            <p>Desenvolvemos pr\u00e1ticas, projetos e reflex\u00f5es que ampliam a capacidade de indiv\u00edduos, organiza\u00e7\u00f5es e comunidades de enxergar al\u00e9m do imediato. Ajudamos a identificar conex\u00f5es invis\u00edveis, reconhecer padr\u00f5es e criar interven\u00e7\u00f5es mais eficazes e sustent\u00e1veis, sempre orientadas por uma vis\u00e3o sist\u00eamica.<\/p>                        <\/div>\n\n                    <\/div>\n\n                <\/div><!-- .elementskit-card END -->\n\n                \n                <div class=\"elementskit-card \">\n                    <div class=\"elementskit-card-header\" id=\"primaryHeading-2-4d860b7\">\n                        <a href=\"#collapse-3dad4e069fdc46611038\" class=\"ekit-accordion--toggler elementskit-btn-link collapsed\" data-ekit-toggle=\"collapse\" data-target=\"#Collapse-3dad4e069fdc46611038\" aria-expanded=\"false\" aria-controls=\"Collapse-3dad4e069fdc46611038\">\n                            \n                                <span class=\"number\"><\/span>\n\n                            \n                            <span class=\"ekit-accordion-title\">Sobre Pensamento Sist\u00eamico<\/span>\n\n                            \n                                <div class=\"ekit_accordion_icon_group\">\n                                    <div class=\"ekit_accordion_normal_icon\">\n                                        <!-- Normal Icon -->\n\t\t\t\t\t\t\t\t\t\t<i class=\"icon icon-down-arrow1\"><\/i>                                    <\/div>\n\n                                    <div class=\"ekit_accordion_active_icon\">\n                                        <!-- Active Icon -->\n\t\t\t\t\t\t\t\t\t\t<i class=\"icon icon-up-arrow\"><\/i>                                    <\/div>\n                                <\/div>\n\n                            \n                                                    <\/a>\n                    <\/div>\n\n                    <div id=\"Collapse-3dad4e069fdc46611038\" class=\" collapse\" aria-labelledby=\"primaryHeading-2-4d860b7\" data-parent=\"#accordion-69fdc46611038\">\n\n                        <div class=\"elementskit-card-body ekit-accordion--content\">\n                            <p>Acreditamos que nenhuma quest\u00e3o relevante pode ser compreendida de forma isolada. O pensamento sist\u00eamico, inspirado pela obra de Donella Meadows, nos guia na busca por entender como elementos distintos se relacionam e se influenciam mutuamente. \u00c9 atrav\u00e9s dessa lente que identificamos causas profundas, antecipamos consequ\u00eancias e colaboramos para a constru\u00e7\u00e3o de futuros mais resilientes e regenerativos.<\/p>                        <\/div>\n\n                    <\/div>\n\n                <\/div><!-- .elementskit-card END -->\n\n                                        <\/div>\n    <\/div>\t\t\t\t<\/div>\n\t\t\t\t<\/div>\n\t\t\t\t\t<\/div>\n\t\t\t\t<\/div>\n\t\t\t\t<\/div>\n\t\t","protected":false},"excerpt":{"rendered":"<p>Sobre o OPEN THINK SYSTEMIC No OPENTHINK SYSTEMIC, acreditamos que a chave para resolver os grandes desafios sociais e ambientais est\u00e1 em compreender a complexidade dos sistemas que nos cercam. Inspirados pelo trabalho seminal de Donella Meadows, reconhecemos que tudo ao nosso redor \u2014 desde ecossistemas naturais at\u00e9 organiza\u00e7\u00f5es sociais e econ\u00f4micas \u2014 \u00e9 parte [&hellip;]<\/p>\n","protected":false},"author":1,"featured_media":0,"parent":0,"menu_order":0,"comment_status":"closed","ping_status":"closed","template":"elementor_header_footer","meta":{"footnotes":""},"class_list":["post-677","page","type-page","status-publish","hentry"],"_links":{"self":[{"href":"https:\/\/openthink.com.br\/systemic\/wp-json\/wp\/v2\/pages\/677","targetHints":{"allow":["GET"]}}],"collection":[{"href":"https:\/\/openthink.com.br\/systemic\/wp-json\/wp\/v2\/pages"}],"about":[{"href":"https:\/\/openthink.com.br\/systemic\/wp-json\/wp\/v2\/types\/page"}],"author":[{"embeddable":true,"href":"https:\/\/openthink.com.br\/systemic\/wp-json\/wp\/v2\/users\/1"}],"replies":[{"embeddable":true,"href":"https:\/\/openthink.com.br\/systemic\/wp-json\/wp\/v2\/comments?post=677"}],"version-history":[{"count":7,"href":"https:\/\/openthink.com.br\/systemic\/wp-json\/wp\/v2\/pages\/677\/revisions"}],"predecessor-version":[{"id":686,"href":"https:\/\/openthink.com.br\/systemic\/wp-json\/wp\/v2\/pages\/677\/revisions\/686"}],"wp:attachment":[{"href":"https:\/\/openthink.com.br\/systemic\/wp-json\/wp\/v2\/media?parent=677"}],"curies":[{"name":"wp","href":"https:\/\/api.w.org\/{rel}","templated":true}]}}